{"id":98,"date":"2013-11-04T07:26:52","date_gmt":"2013-11-04T06:26:52","guid":{"rendered":"http:\/\/www.axalnet.sk\/new\/?page_id=98"},"modified":"2023-02-16T10:11:38","modified_gmt":"2023-02-16T09:11:38","slug":"internet","status":"publish","type":"page","link":"https:\/\/www.axalnet.sk\/new\/sluzby\/pre-firmy\/internet\/","title":{"rendered":"Internet"},"content":{"rendered":"<p>[vc_row][vc_column][vc_column_text]<\/p>\n<h3 id=\"m_internet-apn-apsl\">Internet APN-APSL<\/h3>\n<ul>\n<li><strong>Najkvalitnej\u0161ie<\/strong> pripojenie do Internetu bez obmedzen\u00ed<\/li>\n<li>Mo\u017enos\u0165 vyu\u017e\u00edva\u0165 \u010fa\u013e\u0161ie slu\u017eby &#8211; <strong>pracujte odkia\u013ekolvek<\/strong><\/li>\n<li>Pre firemn\u00fdch <strong>garant<\/strong> z\u00e1kazn\u00edkov <strong>technick\u00e1 podpora<\/strong> <strong>non-stop<\/strong><\/li>\n<\/ul>\n<div><\/div>\n<div>V pr\u00edpade z\u00e1ujmu o biznis pripojenie, kontaktujte n\u00e1s cez <a href=\"https:\/\/www.axalnet.sk\/new\/dokumenty\/objednavkovy-formular\/\">objedn\u00e1vkov\u00fd formul\u00e1r<\/a><\/div>\n<p>&nbsp;<\/p>\n<h3 id=\"m_podrobne-informacie-\">Podrobn\u00e9 inform\u00e1cie:<\/h3>\n<ul>\n<li>Pre dne\u0161n\u00fd biznis sa Internet stal nevyhnutnos\u0165ou. Nevyhnutnos\u0165ou pre V\u00e1\u0161 \u00faspech. Z\u00edskajte to najkvalitnej\u0161ie a najv\u00fdhodnej\u0161ie pripojenie do Internetu pre Va\u0161u firmu \u010di podnik, spolu s doplnkov\u00fdmji slu\u017ebami: spr\u00e1va siete, serverov, pracovn\u00fdch stan\u00edc, outsourcing, konzult\u00e1cie a poradenstvo&#8230;<br \/>\nPripojenie od Axalnetu &#8211; o staros\u0165 menej.<\/li>\n<\/ul>\n<p>[\/vc_column_text][\/vc_column][\/vc_row]<\/p>\n","protected":false},"excerpt":{"rendered":"<p>[vc_row][vc_column][vc_column_text] Internet APN-APSL Najkvalitnej\u0161ie pripojenie do Internetu bez obmedzen\u00ed Mo\u017enos\u0165 vyu\u017e\u00edva\u0165 \u010fa\u013e\u0161ie slu\u017eby &#8211; pracujte odkia\u013ekolvek Pre firemn\u00fdch garant z\u00e1kazn\u00edkov technick\u00e1 podpora non-stop V pr\u00edpade z\u00e1ujmu o biznis pripojenie, kontaktujte n\u00e1s cez objedn\u00e1vkov\u00fd formul\u00e1r &nbsp; Podrobn\u00e9 inform\u00e1cie: Pre dne\u0161n\u00fd biznis sa Internet stal nevyhnutnos\u0165ou. Nevyhnutnos\u0165ou pre V\u00e1\u0161 \u00faspech. Z\u00edskajte to najkvalitnej\u0161ie a najv\u00fdhodnej\u0161ie pripojenie do&hellip;<\/p>\n","protected":false},"author":1,"featured_media":0,"parent":29,"menu_order":1,"comment_status":"closed","ping_status":"closed","template":"","meta":[],"_links":{"self":[{"href":"https:\/\/www.axalnet.sk\/new\/wp-json\/wp\/v2\/pages\/98"}],"collection":[{"href":"https:\/\/www.axalnet.sk\/new\/wp-json\/wp\/v2\/pages"}],"about":[{"href":"https:\/\/www.axalnet.sk\/new\/wp-json\/wp\/v2\/types\/page"}],"author":[{"embeddable":true,"href":"https:\/\/www.axalnet.sk\/new\/wp-json\/wp\/v2\/users\/1"}],"replies":[{"embeddable":true,"href":"https:\/\/www.axalnet.sk\/new\/wp-json\/wp\/v2\/comments?post=98"}],"version-history":[{"count":4,"href":"https:\/\/www.axalnet.sk\/new\/wp-json\/wp\/v2\/pages\/98\/revisions"}],"predecessor-version":[{"id":953,"href":"https:\/\/www.axalnet.sk\/new\/wp-json\/wp\/v2\/pages\/98\/revisions\/953"}],"up":[{"embeddable":true,"href":"https:\/\/www.axalnet.sk\/new\/wp-json\/wp\/v2\/pages\/29"}],"wp:attachment":[{"href":"https:\/\/www.axalnet.sk\/new\/wp-json\/wp\/v2\/media?parent=98"}],"curies":[{"name":"wp","href":"https:\/\/api.w.org\/{rel}","templated":true}]}}