{"id":933,"date":"2022-12-08T15:09:20","date_gmt":"2022-12-08T14:09:20","guid":{"rendered":"https:\/\/www.axalnet.sk\/new\/?page_id=933"},"modified":"2022-12-08T15:11:07","modified_gmt":"2022-12-08T14:11:07","slug":"archiv","status":"publish","type":"page","link":"https:\/\/www.axalnet.sk\/new\/dokumenty\/obchodne-podmienky\/archiv\/","title":{"rendered":"Arch\u00edv"},"content":{"rendered":"<p>[vc_row][vc_column][vc_column_text]<\/p>\n<table>\n<tbody>\n<tr>\n<td><img loading=\"lazy\" class=\"alignnone size-full wp-image-389\" src=\"https:\/\/www.axalnet.sk\/new\/wp-content\/uploads\/2013\/10\/ico_pdf.png\" alt=\"ico_pdf\" width=\"20\" height=\"19\" align=\"absmiddle\" \/><a href=\"https:\/\/www.axalnet.sk\/new\/wp-content\/uploads\/2019\/05\/VP_Axalnet-_2019.pdf\">V\u0161eobecn\u00e9 obchodn\u00e9 podmienky Axalnet, s.r.o<\/a><span style=\"color: #888888;\">\u00a0&#8211;\u00a01.6.2019<\/span><\/td>\n<\/tr>\n<tr>\n<td><img loading=\"lazy\" class=\"alignnone size-full wp-image-389\" src=\"https:\/\/www.axalnet.sk\/new\/wp-content\/uploads\/2013\/10\/ico_pdf.png\" alt=\"ico_pdf\" width=\"20\" height=\"19\" align=\"absmiddle\" \/><a href=\"https:\/\/www.axalnet.sk\/new\/wp-content\/uploads\/2019\/05\/VP_Axalnet_BO_2019.pdf\"> V\u0161eobecn\u00e9 obchodn\u00e9 podmienky Axalnet BO, s.r.o<\/a><span style=\"color: #888888;\">\u00a0&#8211;\u00a01.6.2019<\/span><\/td>\n<\/tr>\n<tr>\n<td><img loading=\"lazy\" class=\"alignnone size-full wp-image-389\" src=\"https:\/\/www.axalnet.sk\/new\/wp-content\/uploads\/2013\/10\/ico_pdf.png\" alt=\"ico_pdf\" width=\"20\" height=\"19\" align=\"absmiddle\" \/><a href=\"https:\/\/www.axalnet.sk\/new\/wp-content\/uploads\/2019\/05\/VP_Axalnet_WI_2019.pdf\"> V\u0161eobecn\u00e9 obchodn\u00e9 podmienky Axalnet WI, s.r.o<\/a><span style=\"color: #888888;\">\u00a0&#8211;\u00a01.9.2019<\/span><\/td>\n<\/tr>\n<tr>\n<td><img loading=\"lazy\" class=\"alignnone size-full wp-image-389\" src=\"https:\/\/www.axalnet.sk\/new\/wp-content\/uploads\/2013\/10\/ico_pdf.png\" alt=\"ico_pdf\" width=\"20\" height=\"19\" align=\"absmiddle\" \/><a href=\"https:\/\/www.axalnet.sk\/new\/wp-content\/uploads\/2019\/05\/VP_Axalnet_Wireless_2019.pdf\">V\u0161eobecn\u00e9 obchodn\u00e9 podmienky Axalnet WIRELESS, s.r.o<\/a><span style=\"color: #888888;\">\u00a0&#8211;\u00a01.9.2019<\/span><\/td>\n<\/tr>\n<tr>\n<td><img loading=\"lazy\" class=\"alignnone size-full wp-image-389\" src=\"https:\/\/www.axalnet.sk\/new\/wp-content\/uploads\/2013\/10\/ico_pdf.png\" alt=\"ico_pdf\" width=\"20\" height=\"19\" align=\"absmiddle\" \/><a href=\"https:\/\/www.axalnet.sk\/new\/wp-content\/uploads\/2019\/05\/VP_Axalnet_TV_2019.pdf\">V\u0161eobecn\u00e9 obchodn\u00e9 podmienky Axalnet TV, s.r.o<\/a><span style=\"color: #888888;\"> &#8211; 1.9.2019<\/span><\/td>\n<\/tr>\n<\/tbody>\n<\/table>\n<p>[\/vc_column_text][\/vc_column][\/vc_row]<\/p>\n","protected":false},"excerpt":{"rendered":"<p>[vc_row][vc_column][vc_column_text] V\u0161eobecn\u00e9 obchodn\u00e9 podmienky Axalnet, s.r.o\u00a0&#8211;\u00a01.6.2019 V\u0161eobecn\u00e9 obchodn\u00e9 podmienky Axalnet BO, s.r.o\u00a0&#8211;\u00a01.6.2019 V\u0161eobecn\u00e9 obchodn\u00e9 podmienky Axalnet WI, s.r.o\u00a0&#8211;\u00a01.9.2019 V\u0161eobecn\u00e9 obchodn\u00e9 podmienky Axalnet WIRELESS, s.r.o\u00a0&#8211;\u00a01.9.2019 V\u0161eobecn\u00e9 obchodn\u00e9 podmienky Axalnet TV, s.r.o &#8211; 1.9.2019 [\/vc_column_text][\/vc_column][\/vc_row]<\/p>\n","protected":false},"author":1,"featured_media":0,"parent":57,"menu_order":0,"comment_status":"closed","ping_status":"closed","template":"","meta":[],"_links":{"self":[{"href":"https:\/\/www.axalnet.sk\/new\/wp-json\/wp\/v2\/pages\/933"}],"collection":[{"href":"https:\/\/www.axalnet.sk\/new\/wp-json\/wp\/v2\/pages"}],"about":[{"href":"https:\/\/www.axalnet.sk\/new\/wp-json\/wp\/v2\/types\/page"}],"author":[{"embeddable":true,"href":"https:\/\/www.axalnet.sk\/new\/wp-json\/wp\/v2\/users\/1"}],"replies":[{"embeddable":true,"href":"https:\/\/www.axalnet.sk\/new\/wp-json\/wp\/v2\/comments?post=933"}],"version-history":[{"count":4,"href":"https:\/\/www.axalnet.sk\/new\/wp-json\/wp\/v2\/pages\/933\/revisions"}],"predecessor-version":[{"id":937,"href":"https:\/\/www.axalnet.sk\/new\/wp-json\/wp\/v2\/pages\/933\/revisions\/937"}],"up":[{"embeddable":true,"href":"https:\/\/www.axalnet.sk\/new\/wp-json\/wp\/v2\/pages\/57"}],"wp:attachment":[{"href":"https:\/\/www.axalnet.sk\/new\/wp-json\/wp\/v2\/media?parent=933"}],"curies":[{"name":"wp","href":"https:\/\/api.w.org\/{rel}","templated":true}]}}