{"id":92,"date":"2013-11-04T07:25:53","date_gmt":"2013-11-04T06:25:53","guid":{"rendered":"http:\/\/www.axalnet.sk\/new\/?page_id=92"},"modified":"2025-01-09T15:26:58","modified_gmt":"2025-01-09T14:26:58","slug":"televizia","status":"publish","type":"page","link":"https:\/\/www.axalnet.sk\/new\/sluzby\/televizia\/","title":{"rendered":"Telev\u00edzia"},"content":{"rendered":"<p>[vc_row][vc_column][vc_column_text css=&#8220;.vc_custom_1543571523273{margin-bottom: 20px !important;}&#8220;]<\/p>\n<div>\n<p>Pon\u00fakame V\u00e1m modern\u00e9 rie\u0161enie k\u00e1blovej TV &#8211; <em>IPTV<\/em>. <strong>Nov\u00e1 digit\u00e1lna k\u00e1blov\u00e1 telev\u00edzia<\/strong> je postaven\u00e1 na technol\u00f3gii IPTV (Internet Protocol Television). Ide o technol\u00f3giu, ktor\u00e1 umo\u017e\u0148uje \u0161\u00edrenie TV po po\u010d\u00edta\u010dovej sieti spolu s in\u00fdmi d\u00e1tov\u00fdmi slu\u017ebami. Z\u00e1kladom IPTV slu\u017eby je kvalitn\u00fd digit\u00e1lny TV obraz. Pre pr\u00edjem slu\u017eby IPTV je potrebn\u00e1 in\u0161tal\u00e1cia tzv. Set Top Boxu &#8211; STB. STB je zariadenie sl\u00fa\u017eiace na prevod digit\u00e1lneho obsahu na vstup V\u00e1\u0161ho TV pr\u00edjma\u010da. Vzh\u013eadom na potrebu dodr\u017eania kvalitat\u00edvnych a funk\u010dn\u00fdch vlastnost\u00ed je mo\u017en\u00e9 pou\u017e\u00edva\u0165 len ur\u010den\u00e9 typy STB. Slu\u017eby telev\u00edzie s\u00fa poskytovan\u00e9 spolo\u010dnos\u0165ou SWAN, a.s.<\/p>\n<\/div>\n<div><\/div>\n<div><\/div>\n<div>\n<h3 id=\"m_okrem-toho-vam-nasa-nova-tv-ponuka-\">Okrem toho V\u00e1m na\u0161a nov\u00e1 TV pon\u00faka:<\/h3>\n<ul>\n<li>viac ako 100 kan\u00e1lov<\/li>\n<li>vybran\u00e9 kan\u00e1ly vo full HD kvalite<\/li>\n<li>EPG &#8211; programov\u00fd sprievodca<\/li>\n<li>time shifting &#8211; sledovanie vysielania s \u010dasov\u00fdm odstupom (pauza, preto\u010denie)<\/li>\n<li>mo\u017enos\u0165 nahratia si programu<\/li>\n<li>mo\u017enos\u0165 po\u010d\u00fava\u0165 r\u00e1dia<\/li>\n<\/ul>\n<\/div>\n<div><\/div>\n<div>\n<table>\n<tbody>\n<tr>\n<td><img loading=\"lazy\" class=\"alignnone size-full wp-image-389\" src=\"https:\/\/www.axalnet.sk\/new\/wp-content\/uploads\/2013\/10\/ico_pdf.png\" alt=\"ico_pdf\" width=\"20\" height=\"19\" align=\"absmiddle\" \/>\u00a0\u00a0<a href=\"https:\/\/www.axalnet.sk\/new\/wp-content\/uploads\/2013\/11\/MAX_Multimedia_uzivatelska_prirucka_Set-Top-Box_160x160_august_2011_web.pdf\">U\u017e\u00edvate\u013esk\u00e1 pr\u00edru\u010dka k STB (HD)<\/a><\/td>\n<\/tr>\n<tr>\n<td><img loading=\"lazy\" class=\"alignnone size-full wp-image-389\" src=\"https:\/\/www.axalnet.sk\/new\/wp-content\/uploads\/2013\/10\/ico_pdf.png\" alt=\"ico_pdf\" width=\"20\" height=\"19\" align=\"absmiddle\" \/>\u00a0\u00a0<a href=\"https:\/\/www.axalnet.sk\/new\/wp-content\/uploads\/2013\/11\/0097_prirucka_SWAN_04c.pdf\">U\u017e\u00edvate\u013esk\u00e1 pr\u00edru\u010dka k slu\u017ebe Digit\u00e1lna TV<\/a><\/td>\n<\/tr>\n<tr>\n<td><img loading=\"lazy\" class=\"alignnone size-full wp-image-389\" src=\"https:\/\/www.axalnet.sk\/new\/wp-content\/uploads\/2013\/10\/ico_pdf.png\" alt=\"ico_pdf\" width=\"20\" height=\"19\" align=\"absmiddle\" \/>\u00a0\u00a0<a href=\"https:\/\/www.axalnet.sk\/new\/wp-content\/uploads\/2013\/11\/Uzivatelska_prirucka_MAX_Multimedia_TV_Archiv.pdf\">U\u017e\u00edvate\u013esk\u00e1 pr\u00edru\u010dka k slu\u017ebe TV Arch\u00edv<\/a><\/td>\n<\/tr>\n<\/tbody>\n<\/table>\n<\/div>\n<p>[\/vc_column_text][\/vc_column][\/vc_row][vc_row][vc_column width=&#8220;1\/4&#8243;][vc_cta h2=&#8220;&#8220; add_button=&#8220;bottom&#8220; btn_title=&#8220;10,25 \u20ac&#8220; btn_color=&#8220;success&#8220; btn_align=&#8220;center&#8220; css=&#8220;.vc_custom_1736338925706{padding-bottom: 40px !important;}&#8220;]<\/p>\n<h4 style=\"text-align: center;\">TV Bal\u00edk S<\/h4>\n<p style=\"text-align: center;\">TV stan\u00edc: <strong>40<\/strong><br \/>\nvr\u00e1tane: <strong>23 HD<\/strong><\/p>\n<p>[\/vc_cta][vc_column_text css=&#8220;.vc_custom_1736338937867{margin-top: -70px !important;}&#8220;]<\/p>\n<p style=\"text-align: center;\"><span style=\"font-size: 8pt;\">* 13,33 \u20ac \/ bez viazanosti<\/span><\/p>\n<p>[\/vc_column_text][\/vc_column][vc_column width=&#8220;1\/4&#8243;][vc_cta h2=&#8220;&#8220; add_button=&#8220;bottom&#8220; btn_title=&#8220;14,35 \u20ac&#8220; btn_color=&#8220;success&#8220; btn_align=&#8220;center&#8220; css=&#8220;.vc_custom_1736338948439{padding-bottom: 40px !important;}&#8220;]<\/p>\n<h4 style=\"text-align: center;\">TV Bal\u00edk M<\/h4>\n<p style=\"text-align: center;\">TV stan\u00edc: <strong>50<\/strong><br \/>\nvr\u00e1tane: <strong>28 HD<\/strong><\/p>\n<p>[\/vc_cta][vc_column_text css=&#8220;.vc_custom_1736338958332{margin-top: -70px !important;}&#8220;]<\/p>\n<p style=\"text-align: center;\"><span style=\"font-size: 8pt;\">* 17,43 \u20ac \/ bez viazanosti<\/span><\/p>\n<p>[\/vc_column_text][\/vc_column][vc_column width=&#8220;1\/4&#8243;][vc_cta h2=&#8220;&#8220; add_button=&#8220;bottom&#8220; btn_title=&#8220;17,43 \u20ac&#8220; btn_color=&#8220;success&#8220; btn_align=&#8220;center&#8220; css=&#8220;.vc_custom_1736339017151{padding-bottom: 40px !important;}&#8220;]<\/p>\n<h4 style=\"text-align: center;\">TV Bal\u00edk L<\/h4>\n<p style=\"text-align: center;\">TV stan\u00edc: <strong>80<\/strong><br \/>\nvr\u00e1tane: <strong>35 HD<\/strong><\/p>\n<p>[\/vc_cta][vc_column_text css=&#8220;.vc_custom_1736339028014{margin-top: -70px !important;}&#8220;]<\/p>\n<p style=\"text-align: center;\"><span style=\"font-size: 8pt;\">* 20,50 \u20ac \/ bez viazanosti<\/span><\/p>\n<p>[\/vc_column_text][\/vc_column][vc_column width=&#8220;1\/4&#8243;][vc_cta h2=&#8220;&#8220; add_button=&#8220;bottom&#8220; btn_title=&#8220;22,55 \u20ac&#8220; btn_color=&#8220;success&#8220; btn_align=&#8220;center&#8220; css=&#8220;.vc_custom_1736339039312{padding-bottom: 40px !important;}&#8220;]<\/p>\n<h4 style=\"text-align: center;\">TV Bal\u00edk XL<\/h4>\n<p style=\"text-align: center;\">TV stan\u00edc: <strong>111<\/strong><br \/>\nvr\u00e1tane: <strong>49 HD<\/strong><\/p>\n<p>[\/vc_cta][vc_column_text css=&#8220;.vc_custom_1736339047948{margin-top: -70px !important;}&#8220;]<\/p>\n<p style=\"text-align: center;\"><span style=\"font-size: 8pt;\">* 25,63 \u20ac \/ bez viazanosti<\/span><\/p>\n<p>[\/vc_column_text][\/vc_column][\/vc_row][vc_row][vc_column width=&#8220;1\/2&#8243;][vc_column_text]<\/p>\n<h3>Cenn\u00edk aktiv\u00e1cie STB*<\/h3>\n<div>\n<table cellspacing=\"0\" cellpadding=\"0\">\n<tbody>\n<tr>\n<th>Doba viazanosti<\/th>\n<th>Cena jendor\u00e1zova<\/th>\n<\/tr>\n<tr>\n<td>Viazanos\u0165 24 mesiacov<\/td>\n<td><strong>20,50 \u20ac<\/strong><\/td>\n<\/tr>\n<tr>\n<td>Bez viazanosti<\/td>\n<td><strong>102,50 \u20ac<\/strong><\/td>\n<\/tr>\n<\/tbody>\n<\/table>\n<\/div>\n<div>\n<table cellspacing=\"0\" cellpadding=\"0\">\n<caption><strong>Doplnkov\u00e9 bal\u00ed\u010dky<\/strong><\/caption>\n<tbody>\n<tr>\n<th>Bal\u00edk<\/th>\n<th>TV Stanice<\/th>\n<th>mesa\u010dn\u00fd poplatok<\/th>\n<\/tr>\n<tr>\n<td>HBO<sup>5<\/sup><\/td>\n<td>HBO HD, HBO 2 HD, HBO 3 HD<\/td>\n<td><strong>8,20 \u20ac<\/strong><\/td>\n<\/tr>\n<tr>\n<td>HBO Plus<sup>5<\/sup><\/td>\n<td>HBO HD, HBO 2 HD, HBO 3 HD, Cinemax HD, Cinemax 2 HD<\/td>\n<td><strong>11,28 \u20ac<\/strong><\/td>\n<\/tr>\n<tr>\n<td>FilmBox<sup>5<\/sup><\/td>\n<td>\n<div class=\"page\" title=\"Page 3\">\n<div class=\"section\">\n<div class=\"layoutArea\">\n<div class=\"column\">\n<p>DocuBox HD, EroX HD, EroXXX HD, FashionBox HD, FightBox HD, FilmBox, FilmBox Extra HD, FilmBox Family, PilmBox Plus, FilmBox Premium HD, 360 TuneBox HD<\/p>\n<\/div>\n<\/div>\n<\/div>\n<\/div>\n<\/td>\n<td><strong>5,13 \u20ac<\/strong><\/td>\n<\/tr>\n<tr>\n<td>Ma\u010farsk\u00fd<sup>5<\/sup><\/td>\n<td>RTL+, RTLII, Muzsika TV, Cool TV, FILM+, RTL Klub<\/td>\n<td><strong>4,10 \u20ac<\/strong><\/td>\n<\/tr>\n<tr>\n<td>Cinemax<sup>5<\/sup><\/td>\n<td>Cinemax HD, Cinemax 2 HD<\/td>\n<td><strong>6,15 \u20ac<\/strong><\/td>\n<\/tr>\n<\/tbody>\n<\/table>\n<\/div>\n<div>\n<table cellspacing=\"0\" cellpadding=\"0\">\n<caption><strong>Doplnkov\u00e9 slu\u017eby<\/strong><\/caption>\n<tbody>\n<tr>\n<th>Slu\u017eba<\/th>\n<th>TV Stanice<\/th>\n<th>mesa\u010dn\u00fd poplatok<\/th>\n<\/tr>\n<tr>\n<td>HBO Max*<sup>8<\/sup><\/td>\n<td>Slu\u017eba umo\u017e\u0148uje kedyko\u013evek sledova\u0165 programy filmov\u00e9ho kan\u00e1lu HBO na po\u010d\u00edta\u010di, mobile, tablete \u010di telev\u00edzore s pripojen\u00edm na internet.<\/td>\n<td><strong>1,03 \u20ac<\/strong><\/td>\n<\/tr>\n<tr>\n<td>TV Arch\u00edv<sup>6<\/sup><\/td>\n<td>7 dn\u00ed (sledovanie 35 TV kan\u00e1lov zo z\u00e1znamu)<\/td>\n<td><strong>4,10 \u20ac<\/strong><\/td>\n<\/tr>\n<tr>\n<td>Nahr\u00e1vanie<sup>7<\/sup><\/td>\n<td>24 hod\u00edn priestoru pre nahr\u00e1vky<\/td>\n<td><strong>1,03 \u20ac<\/strong><\/td>\n<\/tr>\n<\/tbody>\n<\/table>\n<\/div>\n<div>\n<table cellspacing=\"0\" cellpadding=\"0\">\n<caption><strong>Mobiln\u00e1 TV<\/strong><\/caption>\n<tbody>\n<tr>\n<th>Slu\u017eba<\/th>\n<th>TV Stanice<\/th>\n<th>mesa\u010dn\u00fd poplatok<\/th>\n<\/tr>\n<tr>\n<td nowrap=\"nowrap\">SWAN GO S<\/td>\n<td>Aplik\u00e1cia pre iOS a Android s <strong>viac ako 14 TV kan\u00e1lmi.<\/strong> TV m\u00e1te k dispoz\u00edcii kdeko\u013evek s pr\u00edstupom na internet.<br \/>\nAplik\u00e1cia umo\u017e\u0148uje sledova\u0165 va\u0161e ob\u013e\u00faben\u00e9 programy a\u017e na 3 zariadeniach s\u00fa\u010dasne v mobile alebo tablete.<\/td>\n<td nowrap=\"nowrap\"><strong>3,99 \u20ac<\/strong> \/ <sub>24 mes. viazanos\u0165<\/sub><br \/>\n<strong>4,49 \u20ac<\/strong> \/ <sub>12 mes. viazanos\u0165<\/sub><br \/>\n<strong>4,99 \u20ac<\/strong> \/ <sub>bez viazanos\u0165<\/sub><\/td>\n<\/tr>\n<tr>\n<td nowrap=\"nowrap\">SWAN GO M<\/td>\n<td>Aplik\u00e1cia pre iOS a Android s <strong>viac ako 30 TV kan\u00e1lmi<\/strong>. TV m\u00e1te<br \/>\nk dispoz\u00edcii kdeko\u013evek s pr\u00edstupom na internet. Aplik\u00e1cia umo\u017e\u0148uje sledova\u0165 va\u0161e ob\u013e\u00faben\u00e9 programy a\u017e na 3 zariadeniach s\u00fa\u010dasne v mobile alebo tablete.<\/td>\n<td nowrap=\"nowrap\"><strong>6,99 \u20ac<\/strong> \/ <sub>24 mes. viazanos\u0165<\/sub><br \/>\n<strong>7,49 \u20ac<\/strong> \/ <sub>12 mes. viazanos\u0165<\/sub><br \/>\n<strong>7,99 \u20ac<\/strong> \/ <sub>bez viazanos\u0165<\/sub><\/td>\n<\/tr>\n<\/tbody>\n<\/table>\n<\/div>\n<div>\n<p>&nbsp;<\/p>\n<p><sup>4<\/sup> poc\u030cas trvania viazanosti sluz\u030cby je moz\u030cne\u0301 aktua\u0301lne vyuz\u030ci\u0301vanu\u0301 sluz\u030cbu alebo bali\u0301k sluz\u030cieb vymenit\u030c len za sluz\u030cbu alebo bali\u0301k sluz\u030cieb s vys\u030cs\u030ci\u0301m mesac\u030cny\u0301m poplatkom.<\/p>\n<p><sup>5<\/sup> doplnkovy\u0301 bali\u0301k je moz\u030cne\u0301 doku\u0301pit\u030c k televi\u0301znym bali\u0301kom S, M, L alebo XL. Minima\u0301lna doba viazanosti doplnkove\u0301ho bali\u0301ka je jeden mesiac.<\/p>\n<p><sup>6<\/sup> doplnkovu\u0301 sluz\u030cbu TV archi\u0301v si mo\u0302z\u030cete aktivovat\u030c priamo prostredni\u0301ctvom menu digita\u0301lnej televi\u0301zie. so sluz\u030cbou TV archi\u0301v zi\u0301skate pri\u0301stup ku vs\u030cetky\u0301m rela\u0301cia\u0301m a programom odvysielany\u0301ch za uplynuly\u0301ch 7 dni\u0301 na 30 vybrany\u0301ch TV staniciach z nas\u030cej ponuky. Minima\u0301lna doba viazanosti doplnkovej sluz\u030cby TV archi\u0301v je jeden mesiac<\/p>\n<p><sup>7<\/sup> doplnkove\u0301 sluz\u030cby Ott a nahra\u0301vanie je moz\u030cne\u0301 si doku\u0301pit\u030c k televi\u0301znym bali\u0301kom S, M, L a XL. Minima\u0301lna doba viazanosti doplnkovej sluz\u030cby je jeden mesiac. Doplnkove\u0301 sluz\u030cby OTT a nahra\u0301vanie si mo\u0302z\u030cete aktivovat\u030c priamo prostredni\u0301ctvom menu digita\u0301lnej televi\u0301zie.<\/p>\n<p><sup>8<\/sup> Slu\u017eba HBO GO je pre v\u0161etk\u00fdch z\u00e1kazn\u00edkov telev\u00edzie s aktivovan\u00fdm bal\u00edkom HBO alebo HBO Max. ** Pre z\u00e1kazn\u00edkov so zak\u00fapenou slu\u017ebou Digit\u00e1lna telev\u00edzia.<\/p>\n<\/div>\n<p>[\/vc_column_text][\/vc_column][vc_column width=&#8220;1\/2&#8243;][vc_tta_tabs color=&#8220;violet&#8220; active_section=&#8220;1&#8243;][vc_tta_section title=&#8220;Bal\u00edk S&#8220; tab_id=&#8220;baliks&#8220;][vc_column_text]<iframe loading=\"lazy\" src=\"https:\/\/www.axalnet.sk\/new\/external\/channels\/kanaly.php?type=s\" width=\"500\" height=\"2000\" frameborder=\"0\"><\/iframe>[\/vc_column_text][\/vc_tta_section][vc_tta_section title=&#8220;Bal\u00edk M&#8220; tab_id=&#8220;balikm&#8220;][vc_column_text]<iframe loading=\"lazy\" src=\"https:\/\/www.axalnet.sk\/new\/external\/channels\/kanaly.php?type=m\" width=\"500\" height=\"2000\" frameborder=\"0\"><\/iframe>[\/vc_column_text][\/vc_tta_section][vc_tta_section title=&#8220;Bal\u00edk L&#8220; tab_id=&#8220;balikl&#8220;][vc_column_text]<iframe loading=\"lazy\" src=\"https:\/\/www.axalnet.sk\/new\/external\/channels\/kanaly.php?type=l\" width=\"500\" height=\"2400\" frameborder=\"0\"><\/iframe>[\/vc_column_text][\/vc_tta_section][vc_tta_section title=&#8220;Bal\u00edk XL&#8220; tab_id=&#8220;balikxl&#8220;][vc_column_text]<iframe loading=\"lazy\" src=\"https:\/\/www.axalnet.sk\/new\/external\/channels\/kanaly.php?type=xl\" width=\"500\" height=\"2500\" frameborder=\"0\"><\/iframe>[\/vc_column_text][\/vc_tta_section][\/vc_tta_tabs][\/vc_column][\/vc_row]<\/p>\n","protected":false},"excerpt":{"rendered":"<p>[vc_row][vc_column][vc_column_text css=&#8220;.vc_custom_1543571523273{margin-bottom: 20px !important;}&#8220;] Pon\u00fakame V\u00e1m modern\u00e9 rie\u0161enie k\u00e1blovej TV &#8211; IPTV. Nov\u00e1 digit\u00e1lna k\u00e1blov\u00e1 telev\u00edzia je postaven\u00e1 na technol\u00f3gii IPTV (Internet Protocol Television). Ide o technol\u00f3giu, ktor\u00e1 umo\u017e\u0148uje \u0161\u00edrenie TV po po\u010d\u00edta\u010dovej sieti spolu s in\u00fdmi d\u00e1tov\u00fdmi slu\u017ebami. Z\u00e1kladom IPTV slu\u017eby je kvalitn\u00fd digit\u00e1lny TV obraz. Pre pr\u00edjem slu\u017eby IPTV je potrebn\u00e1 in\u0161tal\u00e1cia tzv.&hellip;<\/p>\n","protected":false},"author":1,"featured_media":148,"parent":25,"menu_order":3,"comment_status":"closed","ping_status":"closed","template":"","meta":[],"_links":{"self":[{"href":"https:\/\/www.axalnet.sk\/new\/wp-json\/wp\/v2\/pages\/92"}],"collection":[{"href":"https:\/\/www.axalnet.sk\/new\/wp-json\/wp\/v2\/pages"}],"about":[{"href":"https:\/\/www.axalnet.sk\/new\/wp-json\/wp\/v2\/types\/page"}],"author":[{"embeddable":true,"href":"https:\/\/www.axalnet.sk\/new\/wp-json\/wp\/v2\/users\/1"}],"replies":[{"embeddable":true,"href":"https:\/\/www.axalnet.sk\/new\/wp-json\/wp\/v2\/comments?post=92"}],"version-history":[{"count":24,"href":"https:\/\/www.axalnet.sk\/new\/wp-json\/wp\/v2\/pages\/92\/revisions"}],"predecessor-version":[{"id":1038,"href":"https:\/\/www.axalnet.sk\/new\/wp-json\/wp\/v2\/pages\/92\/revisions\/1038"}],"up":[{"embeddable":true,"href":"https:\/\/www.axalnet.sk\/new\/wp-json\/wp\/v2\/pages\/25"}],"wp:featuredmedia":[{"embeddable":true,"href":"https:\/\/www.axalnet.sk\/new\/wp-json\/wp\/v2\/media\/148"}],"wp:attachment":[{"href":"https:\/\/www.axalnet.sk\/new\/wp-json\/wp\/v2\/media?parent=92"}],"curies":[{"name":"wp","href":"https:\/\/api.w.org\/{rel}","templated":true}]}}