{"id":90,"date":"2015-05-27T07:25:36","date_gmt":"2015-05-27T06:25:36","guid":{"rendered":"http:\/\/www.axalnet.sk\/new\/?page_id=90"},"modified":"2025-02-19T09:07:57","modified_gmt":"2025-02-19T08:07:57","slug":"internet","status":"publish","type":"page","link":"https:\/\/www.axalnet.sk\/new\/sluzby\/internet\/","title":{"rendered":"Internet"},"content":{"rendered":"<p>[vc_row][vc_column][vc_tta_tabs color=&#8220;violet&#8220; spacing=&#8220;5&#8243; active_section=&#8220;3&#8243; css=&#8220;.vc_custom_1610548116653{padding-right: 15px !important;}&#8220;][vc_tta_section title=&#8220;OPTI 20&#8243; tab_id=&#8220;1574752925607-de0ae5ad-674e&#8220;]<div class=\"dt-fancy-separator h3-size\" style=\"width: 100%;\"><div class=\"dt-fancy-title\"><span class=\"separator-holder separator-left\"><\/span>Optick\u00fd Internet 20<span class=\"separator-holder separator-right\"><\/span><\/div><\/div>[vc_column_text]<\/p>\n<h3 style=\"text-align: center;\">R\u00fdchlos\u0165 pripojenia: a\u017e 20\/10 Mbit\/s *<\/h3>\n<p style=\"text-align: center;\">Internetov\u00e9 pripojenie poskytujeme v lokalit\u00e1ch, kde je dostupn\u00e1 optick\u00e1 linka, pre z\u00e1kazn\u00edkov v bytov\u00fdch domoch<\/p>\n<p style=\"text-align: center;\"><span style=\"font-size: 8pt;\">* &#8211; (download 20 Mbit\/s, upload 10 Mbit\/s)<\/span><\/p>\n<p>[\/vc_column_text][vc_btn title=&#8220;od \u20ac 7,18 \/ mesa\u010dne&#8220; color=&#8220;success&#8220; align=&#8220;center&#8220;][vc_column_text]<\/p>\n<table style=\"border-collapse: collapse; width: 100%;\" border=\"1\">\n<tbody>\n<tr>\n<th><\/th>\n<th>Aktiv\u00e1cia<\/th>\n<th>Cena mesa\u010dne<\/th>\n<\/tr>\n<tr>\n<td style=\"width: 30%;\">Viazanos\u0165 24 mesiacov<\/td>\n<td style=\"width: 30%;\">\u20ac 20,50<\/td>\n<td style=\"width: 30%;\"><strong>\u20ac 7,18<\/strong><\/td>\n<\/tr>\n<tr>\n<td style=\"width: 30%;\">Bez viazanosti<\/td>\n<td style=\"width: 30%;\">\u20ac 51,25<\/td>\n<td style=\"width: 30%;\">\u20ac 13,33<\/td>\n<\/tr>\n<\/tbody>\n<\/table>\n<p>[\/vc_column_text][\/vc_tta_section][vc_tta_section title=&#8220;OPTI 40&#8243; tab_id=&#8220;1566197889666-0738fc23-8e59&#8243;]<div class=\"dt-fancy-separator h3-size\" style=\"width: 100%;\"><div class=\"dt-fancy-title\"><span class=\"separator-holder separator-left\"><\/span>Optick\u00fd Internet 40<span class=\"separator-holder separator-right\"><\/span><\/div><\/div>[vc_column_text]<\/p>\n<h3 style=\"text-align: center;\">R\u00fdchlos\u0165 pripojenia: a\u017e 40\/10 Mbit\/s *<\/h3>\n<p style=\"text-align: center;\">Internetov\u00e9 pripojenie poskytujeme v lokalit\u00e1ch, kde je dostupn\u00e1 optick\u00e1 linka, pre z\u00e1kazn\u00edkov v bytov\u00fdch domoch<\/p>\n<p style=\"text-align: center;\"><span style=\"font-size: 8pt;\">* &#8211; (download 40 Mbit\/s, upload 10 Mbit\/s)<\/span><\/p>\n<p>[\/vc_column_text][vc_btn title=&#8220;od \u20ac 9,23 \/ mesa\u010dne&#8220; color=&#8220;success&#8220; align=&#8220;center&#8220;][vc_column_text]<\/p>\n<table style=\"border-collapse: collapse; width: 100%;\" border=\"1\">\n<tbody>\n<tr>\n<th><\/th>\n<th>Aktiv\u00e1cia<\/th>\n<th>Cena mesa\u010dne<\/th>\n<\/tr>\n<tr>\n<td style=\"width: 30%;\">Viazanos\u0165 24 mesiacov<\/td>\n<td style=\"width: 30%;\">\u20ac 20,50<\/td>\n<td style=\"width: 30%;\"><strong>\u20ac 9,23<\/strong><\/td>\n<\/tr>\n<tr>\n<td style=\"width: 30%;\">Bez viazanosti<\/td>\n<td style=\"width: 30%;\">\u20ac 51,25<\/td>\n<td style=\"width: 30%;\">\u20ac 15,38<\/td>\n<\/tr>\n<\/tbody>\n<\/table>\n<p>[\/vc_column_text][\/vc_tta_section][vc_tta_section title=&#8220;OPTI 100 (Najv\u00fdhodnej\u0161ie)&#8220; tab_id=&#8220;1451380263668-56596025-d438&#8243;]<div class=\"dt-fancy-separator h3-size\" style=\"width: 100%;\"><div class=\"dt-fancy-title\"><span class=\"separator-holder separator-left\"><\/span>Optick\u00fd Internet 100<span class=\"separator-holder separator-right\"><\/span><\/div><\/div>[vc_column_text]<\/p>\n<h3 style=\"text-align: center;\">R\u00fdchlos\u0165 pripojenia: a\u017e 100\/10 Mbit\/s *<\/h3>\n<p style=\"text-align: center;\">Internetov\u00e9 pripojenie poskytujeme v lokalit\u00e1ch, kde je dostupn\u00e1 optick\u00e1 linka, pre z\u00e1kazn\u00edkov v bytov\u00fdch domoch<\/p>\n<p style=\"text-align: center;\"><span style=\"font-size: 8pt;\">* &#8211; (download 100 Mbit\/s, upload 10 Mbit\/s)<\/span><\/p>\n<p>[\/vc_column_text][vc_btn title=&#8220;od \u20ac 13,33 \/ mesa\u010dne&#8220; color=&#8220;success&#8220; align=&#8220;center&#8220;][vc_column_text]<\/p>\n<table style=\"border-collapse: collapse; width: 100%;\" border=\"1\">\n<tbody>\n<tr>\n<th><\/th>\n<th>Aktiv\u00e1cia<\/th>\n<th>Cena mesa\u010dne<\/th>\n<\/tr>\n<tr>\n<td style=\"width: 30%;\">Viazanos\u0165 24 mesiacov<\/td>\n<td style=\"width: 30%;\">\u20ac 20,50<\/td>\n<td style=\"width: 30%;\"><strong>\u20ac 13,33<\/strong><\/td>\n<\/tr>\n<tr>\n<td style=\"width: 30%;\">Bez viazanosti<\/td>\n<td style=\"width: 30%;\">\u20ac 51,25<\/td>\n<td style=\"width: 30%;\">\u20ac 17,43<\/td>\n<\/tr>\n<\/tbody>\n<\/table>\n<p>[\/vc_column_text][\/vc_tta_section][vc_tta_section title=&#8220;OPTI 300&#8243; tab_id=&#8220;1574062752339-8abd493a-8212&#8243;]<div class=\"dt-fancy-separator h3-size\" style=\"width: 100%;\"><div class=\"dt-fancy-title\"><span class=\"separator-holder separator-left\"><\/span>Optick\u00fd Internet 300<span class=\"separator-holder separator-right\"><\/span><\/div><\/div>[vc_column_text]<\/p>\n<h3 style=\"text-align: center;\">R\u00fdchlos\u0165 pripojenia: a\u017e 300\/30 Mbit\/s *<\/h3>\n<p style=\"text-align: center;\">Internetov\u00e9 pripojenie poskytujeme v lokalit\u00e1ch, kde je dostupn\u00e1 optick\u00e1 linka, pre z\u00e1kazn\u00edkov v bytov\u00fdch domoch<\/p>\n<p style=\"text-align: center;\"><span style=\"font-size: 8pt;\">* &#8211; (download 300 Mbit\/s, upload 30 Mbit\/s)<\/span><\/p>\n<p>[\/vc_column_text][vc_btn title=&#8220;od \u20ac 15,38\/ mesa\u010dne&#8220; color=&#8220;success&#8220; align=&#8220;center&#8220;][vc_column_text]<\/p>\n<table style=\"border-collapse: collapse; width: 100%;\" border=\"1\">\n<tbody>\n<tr>\n<th><\/th>\n<th>Aktiv\u00e1cia<\/th>\n<th>Cena mesa\u010dne<\/th>\n<\/tr>\n<tr>\n<td style=\"width: 30%;\">Viazanos\u0165 24 mesiacov<\/td>\n<td style=\"width: 30%;\">\u20ac 30,75<\/td>\n<td style=\"width: 30%;\"><strong>\u20ac 15,38<\/strong><\/td>\n<\/tr>\n<tr>\n<td style=\"width: 30%;\">Bez viazanosti<\/td>\n<td style=\"width: 30%;\">\u20ac 51,25<\/td>\n<td style=\"width: 30%;\">\u20ac 21,53<\/td>\n<\/tr>\n<\/tbody>\n<\/table>\n<p>[\/vc_column_text][\/vc_tta_section][vc_tta_section title=&#8220;OPTI 500&#8243; tab_id=&#8220;1574063214130-e5da62f6-952b&#8220;]<div class=\"dt-fancy-separator h3-size\" style=\"width: 100%;\"><div class=\"dt-fancy-title\"><span class=\"separator-holder separator-left\"><\/span>Optick\u00fd Internet 500<span class=\"separator-holder separator-right\"><\/span><\/div><\/div>[vc_column_text]<\/p>\n<h3 style=\"text-align: center;\">R\u00fdchlos\u0165 pripojenia: a\u017e 500\/50 Mbit\/s *<\/h3>\n<p style=\"text-align: center;\">Internetov\u00e9 pripojenie poskytujeme v lokalit\u00e1ch, kde je dostupn\u00e1 optick\u00e1 linka, pre z\u00e1kazn\u00edkov v bytov\u00fdch domoch<\/p>\n<p style=\"text-align: center;\"><span style=\"font-size: 8pt;\">* &#8211; (download 500 Mbit\/s, upload 50 Mbit\/s)<\/span><\/p>\n<p>[\/vc_column_text][vc_btn title=&#8220;od \u20ac 19,48\/ mesa\u010dne&#8220; color=&#8220;success&#8220; align=&#8220;center&#8220;][vc_column_text]<\/p>\n<table style=\"border-collapse: collapse; width: 100%; height: 66px;\" border=\"1\">\n<tbody>\n<tr style=\"height: 22px;\">\n<th style=\"height: 22px;\"><\/th>\n<th style=\"height: 22px;\">Aktiv\u00e1cia<\/th>\n<th style=\"height: 22px;\">Cena mesa\u010dne<\/th>\n<\/tr>\n<tr style=\"height: 22px;\">\n<td style=\"width: 30%; height: 22px;\">Viazanos\u0165 24 mesiacov<\/td>\n<td style=\"width: 30%; height: 22px;\">\u20ac 30,75<\/td>\n<td style=\"width: 30%; height: 22px;\"><strong>\u20ac 19,48<\/strong><\/td>\n<\/tr>\n<tr style=\"height: 22px;\">\n<td style=\"width: 30%; height: 22px;\">Bez viazanosti<\/td>\n<td style=\"width: 30%; height: 22px;\">\u20ac 51,25<\/td>\n<td style=\"width: 30%; height: 22px;\">\u20ac 25,63<\/td>\n<\/tr>\n<\/tbody>\n<\/table>\n<p>[\/vc_column_text][\/vc_tta_section][vc_tta_section title=&#8220;OPTI 1000&#8243; tab_id=&#8220;1574063387902-3af6ef46-82bf&#8220;]<div class=\"dt-fancy-separator h3-size\" style=\"width: 100%;\"><div class=\"dt-fancy-title\"><span class=\"separator-holder separator-left\"><\/span>Optick\u00fd Internet 1000<span class=\"separator-holder separator-right\"><\/span><\/div><\/div>[vc_column_text]<\/p>\n<h3 style=\"text-align: center;\">R\u00fdchlos\u0165 pripojenia: a\u017e 1000\/100 Mbit\/s *<\/h3>\n<p style=\"text-align: center;\">Internetov\u00e9 pripojenie poskytujeme v lokalit\u00e1ch, kde je dostupn\u00e1 optick\u00e1 linka, pre z\u00e1kazn\u00edkov v bytov\u00fdch domoch<\/p>\n<p style=\"text-align: center;\"><span style=\"font-size: 8pt;\">* &#8211; (download 1000 Mbit\/s, upload 100 Mbit\/s)<\/span><\/p>\n<p>[\/vc_column_text][vc_btn title=&#8220;od \u20ac 30,75 \/ mesa\u010dne&#8220; color=&#8220;success&#8220; align=&#8220;center&#8220;][vc_column_text]<\/p>\n<table style=\"border-collapse: collapse; width: 100%;\" border=\"1\">\n<tbody>\n<tr>\n<th><\/th>\n<th>Aktiv\u00e1cia<\/th>\n<th>Cena mesa\u010dne<\/th>\n<\/tr>\n<tr>\n<td style=\"width: 30%;\">Viazanos\u0165 24 mesiacov<\/td>\n<td style=\"width: 30%;\">\u20ac 30,75<\/td>\n<td style=\"width: 30%;\"><strong>\u20ac 30,75<\/strong><\/td>\n<\/tr>\n<tr>\n<td style=\"width: 30%;\">Bez viazanosti<\/td>\n<td style=\"width: 30%;\">\u20ac 51,25<\/td>\n<td style=\"width: 30%;\">\u20ac 36,90<\/td>\n<\/tr>\n<\/tbody>\n<\/table>\n<p>[\/vc_column_text][\/vc_tta_section][vc_tta_section title=&#8220;eKasa max&#8220; tab_id=&#8220;1566198321687-932baeb2-a9cb&#8220;]<div class=\"dt-fancy-separator h3-size\" style=\"width: 100%;\"><div class=\"dt-fancy-title\"><span class=\"separator-holder separator-left\"><\/span>eKasa max<span class=\"separator-holder separator-right\"><\/span><\/div><\/div>[vc_column_text]<\/p>\n<h3 style=\"text-align: center;\">R\u00fdchlos\u0165 pripojenia: a\u017e 5\/1 Mbit\/s *<\/h3>\n<p style=\"text-align: center;\"><span style=\"text-decoration: underline;\">Neobmedzen\u00fd internet bez viazanosti<\/span><\/p>\n<p style=\"text-align: center;\">Internetov\u00e9 pripojenie poskytujeme v lokalit\u00e1ch, kde je dostupn\u00e1 optick\u00e1 linka<\/p>\n<p style=\"text-align: center;\"><span style=\"font-size: 8pt;\">* &#8211; (download 5 Mbit\/s, upload 1 Mbit\/s)<\/span><\/p>\n<p>[\/vc_column_text][vc_btn title=&#8220;od \u20ac 5,00 \/ mesa\u010dne&#8220; color=&#8220;success&#8220; align=&#8220;center&#8220;][\/vc_tta_section][\/vc_tta_tabs][\/vc_column][\/vc_row]<\/p>\n","protected":false},"excerpt":{"rendered":"<p>[vc_row][vc_column][vc_tta_tabs color=&#8220;violet&#8220; spacing=&#8220;5&#8243; active_section=&#8220;3&#8243; css=&#8220;.vc_custom_1610548116653{padding-right: 15px !important;}&#8220;][vc_tta_section title=&#8220;OPTI 20&#8243; tab_id=&#8220;1574752925607-de0ae5ad-674e&#8220;][vc_column_text] R\u00fdchlos\u0165 pripojenia: a\u017e 20\/10 Mbit\/s * Internetov\u00e9 pripojenie poskytujeme v lokalit\u00e1ch, kde je dostupn\u00e1 optick\u00e1 linka, pre z\u00e1kazn\u00edkov v bytov\u00fdch domoch * &#8211; (download 20 Mbit\/s, upload 10 Mbit\/s) [\/vc_column_text][vc_btn title=&#8220;od \u20ac 7,18 \/ mesa\u010dne&#8220; color=&#8220;success&#8220; align=&#8220;center&#8220;][vc_column_text] Aktiv\u00e1cia Cena mesa\u010dne Viazanos\u0165 24 mesiacov \u20ac 20,50&hellip;<\/p>\n","protected":false},"author":1,"featured_media":0,"parent":25,"menu_order":2,"comment_status":"closed","ping_status":"closed","template":"","meta":[],"_links":{"self":[{"href":"https:\/\/www.axalnet.sk\/new\/wp-json\/wp\/v2\/pages\/90"}],"collection":[{"href":"https:\/\/www.axalnet.sk\/new\/wp-json\/wp\/v2\/pages"}],"about":[{"href":"https:\/\/www.axalnet.sk\/new\/wp-json\/wp\/v2\/types\/page"}],"author":[{"embeddable":true,"href":"https:\/\/www.axalnet.sk\/new\/wp-json\/wp\/v2\/users\/1"}],"replies":[{"embeddable":true,"href":"https:\/\/www.axalnet.sk\/new\/wp-json\/wp\/v2\/comments?post=90"}],"version-history":[{"count":68,"href":"https:\/\/www.axalnet.sk\/new\/wp-json\/wp\/v2\/pages\/90\/revisions"}],"predecessor-version":[{"id":1042,"href":"https:\/\/www.axalnet.sk\/new\/wp-json\/wp\/v2\/pages\/90\/revisions\/1042"}],"up":[{"embeddable":true,"href":"https:\/\/www.axalnet.sk\/new\/wp-json\/wp\/v2\/pages\/25"}],"wp:attachment":[{"href":"https:\/\/www.axalnet.sk\/new\/wp-json\/wp\/v2\/media?parent=90"}],"curies":[{"name":"wp","href":"https:\/\/api.w.org\/{rel}","templated":true}]}}