{"id":6,"date":"2013-10-31T09:05:29","date_gmt":"2013-10-31T08:05:29","guid":{"rendered":"http:\/\/www.axalnet.sk\/new\/home\/"},"modified":"2026-01-23T09:34:58","modified_gmt":"2026-01-23T08:34:58","slug":"home","status":"publish","type":"page","link":"https:\/\/www.axalnet.sk\/new\/","title":{"rendered":"Domov"},"content":{"rendered":"<p>[vc_row margin_bottom=&#8220;30&#8243;][vc_column]\n\t\t\t<!-- START Home REVOLUTION SLIDER 6.5.15 --><p class=\"rs-p-wp-fix\"><\/p>\n\t\t\t<rs-module-wrap id=\"rev_slider_1_1_wrapper\" data-source=\"gallery\" style=\"visibility:hidden;background:#E9E9E9;padding:0;margin:0px auto;margin-top:0;margin-bottom:0;\">\n\t\t\t\t<rs-module id=\"rev_slider_1_1\" style=\"\" data-version=\"6.5.15\">\n\t\t\t\t\t<rs-slides>\n\t\t\t\t\t\t<rs-slide style=\"position: absolute;\" data-key=\"rs-11\" data-title=\"LTE Internet\" data-anim=\"ms:300;\" data-in=\"o:1;x:100%;\" data-out=\"x:-60%;\">\n\t\t\t\t\t\t\t<img src=\"\/\/www.axalnet.sk\/new\/wp-content\/plugins\/revslider\/public\/assets\/assets\/dummy.png\" alt=\"\" title=\"Domov\" class=\"rev-slidebg tp-rs-img rs-lazyload\" data-lazyload=\"\/\/www.axalnet.sk\/new\/wp-content\/uploads\/2016\/01\/slide-2.jpg\" data-no-retina>\n<!--\n\t\t\t\t\t\t\t--><rs-layer\n\t\t\t\t\t\t\t\tid=\"slider-1-slide-11-layer-0\" \n\t\t\t\t\t\t\t\tclass=\"largeblackbg-transparent\"\n\t\t\t\t\t\t\t\tdata-type=\"text\"\n\t\t\t\t\t\t\t\tdata-color=\"#ffffff\"\n\t\t\t\t\t\t\t\tdata-rsp_ch=\"on\"\n\t\t\t\t\t\t\t\tdata-xy=\"x:337px;y:92px;\"\n\t\t\t\t\t\t\t\tdata-text=\"s:50;l:70;fw:300;\"\n\t\t\t\t\t\t\t\tdata-padding=\"r:20;l:20;\"\n\t\t\t\t\t\t\t\tdata-frame_1=\"e:power4.inOut;st:500;sp:500;\"\n\t\t\t\t\t\t\t\tdata-frame_999=\"st:8400;auto:true;\"\n\t\t\t\t\t\t\t\tstyle=\"z-index:5;background-color:rgba(0,0,0,0.65);font-family:'Open Sans';\"\n\t\t\t\t\t\t\t>Surfujte r\u00fdchlos\u0165ou svetla \n\t\t\t\t\t\t\t<\/rs-layer><!--\n\n\t\t\t\t\t\t\t--><rs-layer\n\t\t\t\t\t\t\t\tid=\"slider-1-slide-11-layer-1\" \n\t\t\t\t\t\t\t\tclass=\"largeblackbg-transparent\"\n\t\t\t\t\t\t\t\tdata-type=\"text\"\n\t\t\t\t\t\t\t\tdata-color=\"#ffffff\"\n\t\t\t\t\t\t\t\tdata-rsp_ch=\"on\"\n\t\t\t\t\t\t\t\tdata-xy=\"x:325px;y:174px;\"\n\t\t\t\t\t\t\t\tdata-text=\"s:50;l:70;fw:300;\"\n\t\t\t\t\t\t\t\tdata-padding=\"r:20;l:20;\"\n\t\t\t\t\t\t\t\tdata-frame_1=\"e:power4.inOut;st:1000;\"\n\t\t\t\t\t\t\t\tdata-frame_999=\"st:8400;auto:true;\"\n\t\t\t\t\t\t\t\tstyle=\"z-index:6;background-color:rgba(0,0,0,0.65);font-family:'Open Sans';\"\n\t\t\t\t\t\t\t>s novou LTE technol\u00f3giou \n\t\t\t\t\t\t\t<\/rs-layer><!--\n-->\t\t\t\t\t\t<\/rs-slide>\n\t\t\t\t\t\t<rs-slide style=\"position: absolute;\" data-key=\"rs-2\" data-title=\"Balik\" data-anim=\"ms:300;\" data-in=\"x:100%;\" data-out=\"x:-60%;\">\n\t\t\t\t\t\t\t<img src=\"\/\/www.axalnet.sk\/new\/wp-content\/plugins\/revslider\/public\/assets\/assets\/dummy.png\" alt=\"\" title=\"Domov\" class=\"rev-slidebg tp-rs-img rs-lazyload\" data-lazyload=\"\/\/www.axalnet.sk\/new\/wp-content\/uploads\/2015\/03\/slide-11.jpg\" data-no-retina>\n<!--\n\t\t\t\t\t\t\t--><rs-layer\n\t\t\t\t\t\t\t\tid=\"slider-1-slide-2-layer-1\" \n\t\t\t\t\t\t\t\tclass=\"largeblackbg\"\n\t\t\t\t\t\t\t\tdata-type=\"text\"\n\t\t\t\t\t\t\t\tdata-color=\"#ffffff\"\n\t\t\t\t\t\t\t\tdata-rsp_ch=\"on\"\n\t\t\t\t\t\t\t\tdata-xy=\"x:26px;y:25px;\"\n\t\t\t\t\t\t\t\tdata-text=\"s:50;l:70;fw:300;\"\n\t\t\t\t\t\t\t\tdata-padding=\"r:20;l:20;\"\n\t\t\t\t\t\t\t\tdata-frame_1=\"e:power4.inOut;st:500;sp:500;\"\n\t\t\t\t\t\t\t\tdata-frame_999=\"st:w;auto:true;\"\n\t\t\t\t\t\t\t\tstyle=\"z-index:5;background-color:rgba(0,0,0,1);font-family:'Open Sans';text-shadow:none;\"\n\t\t\t\t\t\t\t>Optick\u00fd internet \n\t\t\t\t\t\t\t<\/rs-layer><!--\n\n\t\t\t\t\t\t\t--><rs-layer\n\t\t\t\t\t\t\t\tid=\"slider-1-slide-2-layer-2\" \n\t\t\t\t\t\t\t\tclass=\"largeblackbg\"\n\t\t\t\t\t\t\t\tdata-type=\"text\"\n\t\t\t\t\t\t\t\tdata-color=\"#ffffff\"\n\t\t\t\t\t\t\t\tdata-rsp_ch=\"on\"\n\t\t\t\t\t\t\t\tdata-xy=\"x:204px;y:101px;\"\n\t\t\t\t\t\t\t\tdata-text=\"s:50;l:70;fw:300;\"\n\t\t\t\t\t\t\t\tdata-padding=\"r:20;l:20;\"\n\t\t\t\t\t\t\t\tdata-frame_1=\"e:power4.inOut;st:1000;\"\n\t\t\t\t\t\t\t\tdata-frame_999=\"st:w;auto:true;\"\n\t\t\t\t\t\t\t\tstyle=\"z-index:6;background-color:rgba(0,0,0,1);font-family:'Open Sans';text-shadow:none;\"\n\t\t\t\t\t\t\t>priamo vo Va\u0161ej ob\u00fdva\u010dke \n\t\t\t\t\t\t\t<\/rs-layer><!--\n-->\t\t\t\t\t\t<\/rs-slide>\n\t\t\t\t\t<\/rs-slides>\n\t\t\t\t\t<rs-static-layers><!--\n\t\t\t\t\t--><\/rs-static-layers>\n\t\t\t\t<\/rs-module>\n\t\t\t\t<script>\n\t\t\t\t\tsetREVStartSize({c: 'rev_slider_1_1',rl:[1240,1024,778,480],el:[500],gw:[960],gh:[500],type:'standard',justify:'',layout:'fullwidth',mh:\"500\"});if (window.RS_MODULES!==undefined && window.RS_MODULES.modules!==undefined && window.RS_MODULES.modules[\"revslider11\"]!==undefined) {window.RS_MODULES.modules[\"revslider11\"].once = false;window.revapi1 = undefined;if (window.RS_MODULES.checkMinimal!==undefined) window.RS_MODULES.checkMinimal()}\n\t\t\t\t<\/script>\n\t\t\t<\/rs-module-wrap>\n\t\t\t<!-- END REVOLUTION SLIDER -->\n[vc_empty_space][\/vc_column][\/vc_row][vc_row bg_image_wp=&#8220;&#8220;][vc_column width=&#8220;1\/3&#8243;][\/vc_column][vc_column width=&#8220;1\/3&#8243;][vc_row_inner][vc_column_inner][\/vc_column_inner][\/vc_row_inner][\/vc_column][vc_column width=&#8220;1\/3&#8243;][\/vc_column][\/vc_row][vc_row][vc_column width=&#8220;1\/3&#8243;]\n<div id=\"interactive-banner-1-wrap-1927\" class=\"ult-banner-block ult-adjust-bottom-margin ult-bb-box  banner-style01 \"   style=\"\">\n\t<img src=\"https:\/\/www.axalnet.sk\/new\/wp-content\/uploads\/2013\/10\/logo-package.jpg\" alt=\"\">\n\t<h3  data-ultimate-target='#interactive-banner-1-wrap-1927 .bb-top-title '  data-responsive-json-new='{\"font-size\":\"desktop:15px;\",\"line-height\":\"\"}'  class=\"title-center bb-top-title ult-responsive\" style=\"font-weight:normal;background:#242424;color:#ffffff;\">V\u00fdhodn\u00e9 bal\u00edky<\/h3>\n\t<div class=\"mask opaque-background\" style=\"background:#242424;\">\n\t\t<div  data-ultimate-target='#interactive-banner-1-wrap-1927 .bb-description'  data-responsive-json-new='{\"font-size\":\"desktop:20px;\",\"line-height\":\"\"}'  class=\"bb-description ult-responsive\" style=\"font-weight:normal;color:#ffffff;\">zobrazi\u0165 inform\u00e1cie o v\u00fdhodnych bal\u00edkoch<\/div>\n\t<\/div><a class=\"bb-link\" href=\"http:\/\/www.axalnet.sk\/new\/sluzby\/vyhodne-baliky\/\" title=\"V\u00fdhodn\u00e9 bal\u00edky\" ><\/a>\n<\/div>[\/vc_column][vc_column width=&#8220;1\/3&#8243;]\n<div id=\"interactive-banner-1-wrap-3725\" class=\"ult-banner-block ult-adjust-bottom-margin ult-bb-box  banner-style01 \"   style=\"\">\n\t<img src=\"https:\/\/www.axalnet.sk\/new\/wp-content\/uploads\/2013\/10\/InternetOfThings_043013-617x416-e1438086681601.jpg\" alt=\"\">\n\t<h3  data-ultimate-target='#interactive-banner-1-wrap-3725 .bb-top-title '  data-responsive-json-new='{\"font-size\":\"desktop:15px;\",\"line-height\":\"\"}'  class=\"title-center bb-top-title ult-responsive\" style=\"font-weight:normal;background:#242424;color:#ffffff;\">Internet<\/h3>\n\t<div class=\"mask opaque-background\" style=\"background:#242424;\">\n\t\t<div  data-ultimate-target='#interactive-banner-1-wrap-3725 .bb-description'  data-responsive-json-new='{\"font-size\":\"desktop:20px;\",\"line-height\":\"\"}'  class=\"bb-description ult-responsive\" style=\"font-weight:normal;color:#ffffff;\">zobrazi\u0165 inform\u00e1cie o ponuke internetu<\/div>\n\t<\/div><a class=\"bb-link\" href=\"http:\/\/www.axalnet.sk\/new\/sluzby\/internet\/\" title=\"Internet\" ><\/a>\n<\/div>[\/vc_column][vc_column width=&#8220;1\/3&#8243;]\n<div id=\"interactive-banner-1-wrap-4824\" class=\"ult-banner-block ult-adjust-bottom-margin ult-bb-box  banner-style01 \"   style=\"\">\n\t<img src=\"https:\/\/www.axalnet.sk\/new\/wp-content\/uploads\/2013\/10\/iptv-630-301-e1438086645873.jpg\" alt=\"\">\n\t<h3  data-ultimate-target='#interactive-banner-1-wrap-4824 .bb-top-title '  data-responsive-json-new='{\"font-size\":\"desktop:15px;\",\"line-height\":\"\"}'  class=\"title-center bb-top-title ult-responsive\" style=\"font-weight:normal;background:#242424;color:#ffffff;\">Telev\u00edzia<\/h3>\n\t<div class=\"mask opaque-background\" style=\"background:#242424;\">\n\t\t<div  data-ultimate-target='#interactive-banner-1-wrap-4824 .bb-description'  data-responsive-json-new='{\"font-size\":\"desktop:20px;\",\"line-height\":\"\"}'  class=\"bb-description ult-responsive\" style=\"font-weight:normal;color:#ffffff;\">zobrazi\u0165 inform\u00e1cie o televiznej ponuke<\/div>\n\t<\/div><a class=\"bb-link\" href=\"http:\/\/www.axalnet.sk\/new\/sluzby\/televizia\/\" title=\"Telev\u00edzia\" ><\/a>\n<\/div>[\/vc_column][\/vc_row][vc_row][vc_column][\/vc_column][\/vc_row]<\/p>\n","protected":false},"excerpt":{"rendered":"<p>[vc_row margin_bottom=&#8220;30&#8243;][vc_column][vc_empty_space][\/vc_column][\/vc_row][vc_row bg_image_wp=&#8220;&#8220;][vc_column width=&#8220;1\/3&#8243;][\/vc_column][vc_column width=&#8220;1\/3&#8243;][vc_row_inner][vc_column_inner][\/vc_column_inner][\/vc_row_inner][\/vc_column][vc_column width=&#8220;1\/3&#8243;][\/vc_column][\/vc_row][vc_row][vc_column width=&#8220;1\/3&#8243;][\/vc_column][vc_column width=&#8220;1\/3&#8243;][\/vc_column][vc_column width=&#8220;1\/3&#8243;][\/vc_column][\/vc_row][vc_row][vc_column][\/vc_column][\/vc_row]<\/p>\n","protected":false},"author":1,"featured_media":0,"parent":0,"menu_order":0,"comment_status":"closed","ping_status":"closed","template":"","meta":[],"_links":{"self":[{"href":"https:\/\/www.axalnet.sk\/new\/wp-json\/wp\/v2\/pages\/6"}],"collection":[{"href":"https:\/\/www.axalnet.sk\/new\/wp-json\/wp\/v2\/pages"}],"about":[{"href":"https:\/\/www.axalnet.sk\/new\/wp-json\/wp\/v2\/types\/page"}],"author":[{"embeddable":true,"href":"https:\/\/www.axalnet.sk\/new\/wp-json\/wp\/v2\/users\/1"}],"replies":[{"embeddable":true,"href":"https:\/\/www.axalnet.sk\/new\/wp-json\/wp\/v2\/comments?post=6"}],"version-history":[{"count":123,"href":"https:\/\/www.axalnet.sk\/new\/wp-json\/wp\/v2\/pages\/6\/revisions"}],"predecessor-version":[{"id":1090,"href":"https:\/\/www.axalnet.sk\/new\/wp-json\/wp\/v2\/pages\/6\/revisions\/1090"}],"wp:attachment":[{"href":"https:\/\/www.axalnet.sk\/new\/wp-json\/wp\/v2\/media?parent=6"}],"curies":[{"name":"wp","href":"https:\/\/api.w.org\/{rel}","templated":true}]}}