{"id":47,"date":"2013-10-31T09:09:03","date_gmt":"2013-10-31T08:09:03","guid":{"rendered":"http:\/\/www.axalnet.sk\/new\/?page_id=47"},"modified":"2015-07-23T13:25:37","modified_gmt":"2015-07-23T12:25:37","slug":"pomoc-na-dialku","status":"publish","type":"page","link":"https:\/\/www.axalnet.sk\/new\/pomoc-a-podpora\/pomoc-na-dialku\/","title":{"rendered":"Pomoc na dia\u013eku"},"content":{"rendered":"<p>[vc_row][vc_column width=&#8220;1\/2&#8243;][vc_column_text]<div id=\"attachment_378\" style=\"width: 238px\" class=\"wp-caption alignnone\"><a href=\"http:\/\/get.teamviewer.com\/axalnet\" target=\"_blank\"><img aria-describedby=\"caption-attachment-378\" loading=\"lazy\" class=\"size-full wp-image-378\" src=\"https:\/\/www.axalnet.sk\/new\/wp-content\/uploads\/2013\/10\/teamviewer-qs.png\" alt=\"(Windows, MAC, Linux)\" width=\"128\" height=\"128\" \/><\/a><p id=\"caption-attachment-378\" class=\"wp-caption-text\"><a href=\"http:\/\/get.teamviewer.com\/axalnet\" target=\"_blank\">(Windows, MAC, Linux)<\/a><\/p><\/div><br \/>\n[\/vc_column_text][\/vc_column][vc_column width=&#8220;1\/2&#8243;][vc_column_text]<div id=\"attachment_377\" style=\"width: 138px\" class=\"wp-caption alignnone\"><a href=\"http:\/\/get.teamviewer.com\/axalnet-host\" target=\"_blank\"><img aria-describedby=\"caption-attachment-377\" loading=\"lazy\" class=\"size-full wp-image-377\" src=\"https:\/\/www.axalnet.sk\/new\/wp-content\/uploads\/2013\/10\/teamviewer-host.png\" alt=\"Windows Host\" width=\"128\" height=\"128\" \/><\/a><p id=\"caption-attachment-377\" class=\"wp-caption-text\"><a href=\"http:\/\/get.teamviewer.com\/axalnet-host\" target=\"_blank\">Windows Host<\/a><\/p><\/div>[\/vc_column_text][\/vc_column][\/vc_row][vc_row][vc_column width=&#8220;1\/1&#8243;][vc_column_text]<\/p>\n<h3 style=\"text-align: left;\">Postup<\/h3>\n<ol>\n<li>Stiahnite si Teamviewer (pod\u013ea V\u00e1\u0161ho syst\u00e9mu si s\u00e1m vyberie)<\/li>\n<li>Spustite aplik\u00e1ciu<\/li>\n<li>Nadiktujte ID technikovy ktor\u00fd sa pripoj\u00ed na V\u00e1\u0161 po\u010d\u00edta\u010d<\/li>\n<\/ol>\n<div><\/div>\n<div>\n<p>Spolo\u010dnos\u0165 Axalnet, s.r.o. poskytuje technick\u00fa podporu ako spoplatnen\u00fa<br \/>\nslu\u017ebu v s\u00falade s cenn\u00edkom spolo\u010dnosti Axalnet, s.r.o.<\/p>\n<p>Servisn\u00e9 pr\u00e1ce technika s\u00fa spolatnen\u00e9 vo v\u00fd\u0161ke 16,60 Eur \/ ka\u017ed\u00e1 za\u010dat\u00e1<br \/>\nhodina pr\u00e1ce technika.<\/p>\n<p>Stiahnutie a spustenie aplik\u00e1cie nie je spoplatnen\u00e9.<\/p>\n<\/div>\n<div><\/div>\n<div><\/div>\n<div>\n<p style=\"text-align: left;\">Viac inform\u00e1ci\u00ed n\u00e1jdete na str\u00e1nke <a href=\"http:\/\/www.teamviewer.com\/sk\/help\/video.aspx\" target=\"_blank\">teamviewer<\/a><\/p>\n<\/div>\n<p>[\/vc_column_text][\/vc_column][\/vc_row]<\/p>\n","protected":false},"excerpt":{"rendered":"<p>[vc_row][vc_column width=&#8220;1\/2&#8243;][vc_column_text] [\/vc_column_text][\/vc_column][vc_column width=&#8220;1\/2&#8243;][vc_column_text][\/vc_column_text][\/vc_column][\/vc_row][vc_row][vc_column width=&#8220;1\/1&#8243;][vc_column_text] Postup Stiahnite si Teamviewer (pod\u013ea V\u00e1\u0161ho syst\u00e9mu si s\u00e1m vyberie) Spustite aplik\u00e1ciu Nadiktujte ID technikovy ktor\u00fd sa pripoj\u00ed na V\u00e1\u0161 po\u010d\u00edta\u010d Spolo\u010dnos\u0165 Axalnet, s.r.o. poskytuje technick\u00fa podporu ako spoplatnen\u00fa slu\u017ebu v s\u00falade s cenn\u00edkom spolo\u010dnosti Axalnet, s.r.o. Servisn\u00e9 pr\u00e1ce technika s\u00fa spolatnen\u00e9 vo v\u00fd\u0161ke 16,60 Eur \/ ka\u017ed\u00e1 za\u010dat\u00e1 hodina&hellip;<\/p>\n","protected":false},"author":1,"featured_media":150,"parent":39,"menu_order":4,"comment_status":"closed","ping_status":"closed","template":"","meta":[],"_links":{"self":[{"href":"https:\/\/www.axalnet.sk\/new\/wp-json\/wp\/v2\/pages\/47"}],"collection":[{"href":"https:\/\/www.axalnet.sk\/new\/wp-json\/wp\/v2\/pages"}],"about":[{"href":"https:\/\/www.axalnet.sk\/new\/wp-json\/wp\/v2\/types\/page"}],"author":[{"embeddable":true,"href":"https:\/\/www.axalnet.sk\/new\/wp-json\/wp\/v2\/users\/1"}],"replies":[{"embeddable":true,"href":"https:\/\/www.axalnet.sk\/new\/wp-json\/wp\/v2\/comments?post=47"}],"version-history":[{"count":6,"href":"https:\/\/www.axalnet.sk\/new\/wp-json\/wp\/v2\/pages\/47\/revisions"}],"predecessor-version":[{"id":516,"href":"https:\/\/www.axalnet.sk\/new\/wp-json\/wp\/v2\/pages\/47\/revisions\/516"}],"up":[{"embeddable":true,"href":"https:\/\/www.axalnet.sk\/new\/wp-json\/wp\/v2\/pages\/39"}],"wp:featuredmedia":[{"embeddable":true,"href":"https:\/\/www.axalnet.sk\/new\/wp-json\/wp\/v2\/media\/150"}],"wp:attachment":[{"href":"https:\/\/www.axalnet.sk\/new\/wp-json\/wp\/v2\/media?parent=47"}],"curies":[{"name":"wp","href":"https:\/\/api.w.org\/{rel}","templated":true}]}}