{"id":45,"date":"2013-10-31T09:08:41","date_gmt":"2013-10-31T08:08:41","guid":{"rendered":"http:\/\/www.axalnet.sk\/new\/?page_id=45"},"modified":"2015-11-18T14:25:05","modified_gmt":"2015-11-18T13:25:05","slug":"rady-a-navody","status":"publish","type":"page","link":"https:\/\/www.axalnet.sk\/new\/pomoc-a-podpora\/rady-a-navody\/","title":{"rendered":"Rady a n\u00e1vody"},"content":{"rendered":"<div>\n<p><strong>Prin\u00e1\u0161ame V\u00e1m rady a n\u00e1vody na nastavenie a obsluhu Va\u0161ich po\u010d\u00edta\u010dov pre 3 kateg\u00f3rie opera\u010dn\u00fdch syst\u00e9mov &#8211; Windows XP Home\/Prof., WinNT, Win2k, Windows Vista\/Seven (7) a Linux.<\/strong><\/p>\n<\/div>\n<div>\n<h3 id=\"m_1-ako-si-zistime-fyzicku-mac-adresu-sietovej-karty-\">1. Ako si zist\u00edme fyzick\u00fa (MAC) adresu sie\u0165ovej karty?<\/h3>\n<p>Fyzick\u00e1 (MAC) adresa je \u0161estica dvojznakov\u00fdch slov oddelen\u00fdch poml\u010dkou alebo dvojbodkou a ako znaky m\u00f4\u017eu by\u0165 pou\u017eit\u00e9 len tieto: 0, 1, 2, 3, 4, 5, 6, 7, 8, 9, A, B, C, D, E, F (napr.: 00-B8-D0-DE-0E-D0).<\/p>\n<\/div>\n<h3 id=\"m_windows-xp-home-prof-64-bit-nt-2000\">Windows XP Home\/Prof., 64 bit, NT, 2000<\/h3>\n<ul>\n<li>Klikneme na ponuku &#8222;\u0160tart&#8220;, potom na ponuku &#8222;Spusti\u0165&#8220;, nap\u00ed\u0161eme pr\u00edkaz cmd a stla\u010d\u00edme &#8222;Enter&#8220;. Otvor\u00ed sa okno &#8222;Command&#8220; pre p\u00edsanie pr\u00edkazov &#8211; nap\u00ed\u0161eme pr\u00edkaz ipconfig \/all a stla\u010d\u00edme &#8222;Enter&#8220;. V okne syst\u00e9m vyp\u00ed\u0161e sie\u0165ov\u00e9 rozhrania s parametrami. V riadku &#8222;Popis&#8220; (Description) sa nach\u00e1dza n\u00e1zov sie\u0165ov\u00e9ho rozhrania (m\u00f4\u017ee ich by\u0165 viac typov &#8211; podobne ako pri syst\u00e9moch W 98 &#8230;). Pod riadkom &#8222;Popis&#8220; pr\u00edslu\u0161n\u00e9ho rozhrania je riadok &#8222;Fyzick\u00e1 adresa&#8220; (Physical Address). Obrazov\u00fd n\u00e1vod si stiahnete z odkazu ni\u017e\u0161ie.<\/li>\n<\/ul>\n<table>\n<tbody>\n<tr>\n<td><img loading=\"lazy\" class=\"alignnone size-full wp-image-389\" alt=\"ico_pdf\" src=\"https:\/\/www.axalnet.sk\/new\/wp-content\/uploads\/2013\/10\/ico_pdf.png\" width=\"20\" height=\"19\" align=\"absmiddle\" \/><a href=\"https:\/\/www.axalnet.sk\/new\/wp-content\/uploads\/2013\/10\/zistenie_MAC_adresy_XP.pdf\">N\u00e1vod na zistenie MAC adresy (Windows XP)<\/a><\/td>\n<\/tr>\n<\/tbody>\n<\/table>\n<div>\n<h3 id=\"m_windows-vista-windows-7\">Windows Vista \/ Windows 7<\/h3>\n<p>Kliknite na ponuku \u0161tart a n\u00e1sledne na ponuku Ovl\u00e1dac\u00ed Panel. V kateg\u00f3rii Sie\u0165 a internet kliknite na ponuku Zobrazi\u0165 stav siete a sie\u0165ov\u00e9 \u00falohy. V otvorenom okne Vyhladajte Pripojenia: a kliknite na akt\u00edvne pripojenie (ozna\u010den\u00e9 modrou farbou). V \u010fal\u0161om otvorenom okne kliknite na tla\u010didlo Podrobnosti a v teste vyh\u013eadajte riadok Fyzick\u00e1 adresa &#8211; 12 miestny udaj pozost\u00e1vaj\u00faci s \u010d\u00edslic a p\u00edsmen A-F. Obrazov\u00fd n\u00e1vod si stiahnete z odkazu ni\u017e\u0161ie.<\/p>\n<\/div>\n<table>\n<tbody>\n<tr>\n<td><img loading=\"lazy\" class=\"alignnone size-full wp-image-389\" alt=\"ico_pdf\" src=\"https:\/\/www.axalnet.sk\/new\/wp-content\/uploads\/2013\/10\/ico_pdf.png\" width=\"20\" height=\"19\" align=\"absmiddle\" \/><a href=\"https:\/\/www.axalnet.sk\/new\/wp-content\/uploads\/2013\/10\/zistenie_MAC_adresy_Vista_Seven.pdf\">N\u00e1vod na zistenie MAC adresy (Windows Vista \/ 7)<\/a><\/td>\n<\/tr>\n<\/tbody>\n<\/table>\n<h3 id=\"m_linux\">Linux<\/h3>\n<ul>\n<li>Najjednoduch\u0161\u00ed sp\u00f4sob je spusti\u0165 si termin\u00e1l, v okne termin\u00e1lu nap\u00ed\u0161eme pr\u00edkaz su, stla\u010d\u00edme &#8222;Enter&#8220;, syst\u00e9m vyp\u00ed\u0161e &#8222;Password:&#8220; &#8211; mus\u00edme zada\u0165 heslo u\u017e\u00edvate\u013ea root a stla\u010d\u00edme &#8222;Enter&#8220;. Potom nap\u00ed\u0161eme pr\u00edkaz ifconfig a &#8222;Enter&#8220;. Syst\u00e9m vyp\u00ed\u0161e v okne termin\u00e1lu zoznam v\u0161etk\u00fdch sie\u0165ov\u00fdch rozhran\u00ed aj s nastaven\u00edm. Sie\u0165ov\u00e9 karty s\u00fa ozna\u010den\u00e9 ethx, kde x je poradov\u00e9 \u010d\u00edslo rozhrania. V prvom riadku pre ka\u017ed\u00e9 rozhranie sa nach\u00e1dza polo\u017eka &#8222;HWaddr&#8220;, \u010do je fyzick\u00e1 (MAC) adresa rozhrania.<\/li>\n<\/ul>\n<div>\n<h3 id=\"m_2-ako-si-nastavime-elektronicku-postu-\">2. Ako si nastav\u00edme elektronick\u00fa po\u0161tu?<\/h3>\n<p>Ka\u017ed\u00fd n\u00e1\u0161 z\u00e1kazn\u00edk, ktor\u00fd m\u00e1 zak\u00fapen\u00fa slu\u017ebu elektronickej po\u0161ty, obdr\u017eal &#8222;Zria\u010fovac\u00ed list k e-mail schr\u00e1nke&#8220;, v ktorom s\u00fa uveden\u00e9 prametre aj popis nastavenia programu MS Outlook.<\/p>\n<\/div>\n<div><cite>Z\u00e1kladn\u00e9 parametre s\u00fa:<\/cite><\/div>\n<div><\/div>\n<ul>\n<li>Server prich\u00e1dzaj\u00facej po\u0161ty POP3 alebo POP3S: webmail.axalnet.sk, port 110 (POP3), resp.<br \/>\nport 995 (POP3S), zabezpe\u010den\u00fd SSL<\/li>\n<\/ul>\n<div><\/div>\n<ul>\n<li>Server odch\u00e1dzaj\u00facej po\u0161ty SMTP alebo SMTPS: webmail.axalnet.sk, port 25 (mo\u017ee by\u0165 zabezpe\u010den\u00fd alebo nezabezpe\u010den\u00fd).<br \/>\nZ\u00e1kazn\u00edci, ktor\u00ed chc\u00fa po\u017e\u00edva\u0165 na elektronick\u00fa po\u0161tu program napr. MS Outlook a nemaj\u00fa od n\u00e1s zak\u00fapen\u00fa slu\u017ebu elektronickej po\u0161ty, si musia nastavi\u0165 server odch\u00e1dzaj\u00facej po\u0161ty SMTP alebo SMTPS: webmail.axalnet.sk, port 25 (mo\u017ee by\u0165 zabezpe\u010den\u00fd alebo nezabezpe\u010den\u00fd). Server prich\u00e1dzaj\u00facej po\u0161ty si nastavia pod\u013ea umiestnenia svojej po\u0161tovej schr\u00e1nky.<\/li>\n<\/ul>\n<div>\n<h3 id=\"m_3-co-robit-ak-nam-nejde-internet-\">3. \u010co robi\u0165, ak n\u00e1m &#8222;nejde&#8220; internet?<\/h3>\n<p>Pred reklamovan\u00edm slu\u017eby je vhodn\u00e9 preveri\u0165 niektor\u00e9 skuto\u010dnosti, aby sme sa vyhli poplatku za neopr\u00e1vnen\u00fa reklam\u00e1ciu. Probl\u00e9m, ktor\u00fd sp\u00f4sob\u00ed, \u017ee &#8222;nejde internet&#8220;, m\u00f4\u017ee by\u0165 v po\u010d\u00edta\u010di z\u00e1kazn\u00edka, v nastaven\u00ed, v pripojen\u00ed k\u00e1bla a i.<\/p>\n<\/div>\n<div><\/div>\n<ol>\n<li>Kontrola sie\u0165ovej karty &#8211; v s\u00fa\u010dasnosti pou\u017e\u00edvan\u00e9 sie\u0165ov\u00e9 karty maj\u00fa sveteln\u00e9 di\u00f3dy, ktor\u00e9 pri spr\u00e1vnom pripojen\u00ed k sieti blikaj\u00fa. Treba skontrolova\u0165 blikanie t\u00fdchto di\u00f3d na zadnej strane po\u010d\u00edta\u010da. U kariet, ktor\u00e9 sveteln\u00e9 di\u00f3dy nemaj\u00fa, t\u00e1to kontrola nie je mo\u017en\u00e1. Ak di\u00f3dy neblikaj\u00fa, treba podotl\u00e1\u010da\u0165 sie\u0165ov\u00fd (patch) k\u00e1bel na strane PC aj na strane z\u00e1suvky. Ak m\u00e1 z\u00e1suvka 2 porty, sie\u0165ov\u00fd k\u00e1bel by mal by\u0165 zasunut\u00fd v \u013eavom porte. Ak ani po takomto z\u00e1sahu di\u00f3dy neblikaj\u00fa treba vola\u0165 servis Axalnetu a konzultova\u0165 probl\u00e9m.<\/li>\n<li>Ak di\u00f3dy na sie\u0165ovej karte blikaj\u00fa a internet &#8222;nejde&#8220;, probl\u00e9m bude v nastaven\u00ed syst\u00e9mu. Treba \u010falej skontrolova\u0165:<\/li>\n<\/ol>\n<h3 id=\"m_windows-xp-home-prof-64-bit-nt-2k\">Windows XP Home\/Prof., 64 bit, NT, 2k<\/h3>\n<ul>\n<li>Klikneme na ponuku &#8222;\u0160tart&#8220;, potom na ponuku &#8222;Nastavenia, Ovl\u00e1dac\u00ed panel&#8220;, \u010falej &#8222;Sie\u0165ov\u00e9 pripojenia&#8220;. Otvor\u00ed sa okno, v ktorom mus\u00ed by\u0165 ikona monitorov s n\u00e1zvom &#8222;Pripojenie k miestnej sieti\/Local Area Connection&#8220;.<br \/>\nAk v okne ikona monitorov nie je, treba nain\u0161talova\u0165, resp. prein\u0161talova\u0165 sie\u0165ov\u00fa kartu.<br \/>\nAk v okne ikona monitorov je a monitory maj\u00fa \u0161ed\u00fa farbu, sie\u0165ov\u00e1 karta je softwareovo vypnut\u00e1 a treba ju zapn\u00fa\u0165 &#8211; klik prav\u00fdm tla\u010d\u00edtkom my\u0161i na ikonu monitorov a klikn\u00fa\u0165 na &#8222;zapn\u00fa\u0165&#8220;.<\/li>\n<\/ul>\n<div><\/div>\n<ul>\n<li>Ak ikona v okne je a monitory maj\u00fa modr\u00fa farbu &#8211; treba dvojklik na ikonu, otvor\u00ed sa okno so z\u00e1lo\u017ekami, treba klikn\u00fa\u0165 na &#8222;Podpora&#8220; a skontrolova\u0165 hodnotu IP adresy &#8211; ak za\u010d\u00edna \u010d\u00edslom 10., mala by by\u0165 spr\u00e1vna. Nesmie by\u0165 tak\u00e1to: 169.201.123.69. Je vhodn\u00e9 klink\u00fa\u0165 na &#8222;Opravi\u0165&#8220; &#8211; syst\u00e9m sa pok\u00fasi spoji\u0165 s centr\u00e1lnym po\u010d\u00edta\u010dom a nastavi\u0165 v\u0161etky parametre. Ak internet st\u00e1le nejde, treba vola\u0165 servis Axalnetu a konzultova\u0165 probl\u00e9m.<br \/>\nPozn. v\u0161etky syst\u00e9my Windows je vhodn\u00e9 re\u0161tartova\u0165. Po re\u0161tarte sa m\u00f4\u017eu nastavenia napravi\u0165.<\/li>\n<\/ul>\n<div>\n<h3 id=\"m_linux\">Linux<\/h3>\n<\/div>\n<ul>\n<li>Najjednoduch\u0161\u00ed sp\u00f4sob je spusti\u0165 si termin\u00e1l, v okne termin\u00e1lu nap\u00ed\u0161eme pr\u00edkaz su, stla\u010d\u00edme &#8222;Enter&#8220;, syst\u00e9m vyp\u00ed\u0161e &#8222;Password:&#8220; &#8211; mus\u00edme zada\u0165 heslo u\u017e\u00edvate\u013ea root a stla\u010d\u00edme &#8222;Enter&#8220;. Potom nap\u00ed\u0161eme pr\u00edkaz ifconfig a &#8222;Enter&#8220;. Syst\u00e9m vyp\u00ed\u0161e v okne termin\u00e1lu zoznam v\u0161etk\u00fdch sie\u0165ov\u00fdch rozhran\u00ed aj s nastaven\u00edm. Sie\u0165ov\u00e9 karty s\u00fa ozna\u010den\u00e9 ethx, kde x je poradov\u00e9 \u010d\u00edslo rozhrania. V druhom riadku je polo\u017eka &#8222;inet addr&#8220; &#8211; je to IP adresa &#8211; ak za\u010d\u00edna \u010d\u00edslom 10., mala by by\u0165 spr\u00e1vna. Je vhodn\u00e9 re\u0161tartova\u0165 sie\u0165ov\u00e9 nastavenie pr\u00edkazom &#8222;\/etc\/init.d\/network restart&#8220; (z\u00e1vis\u00ed od distrib\u00facie linuxu). Ak internet st\u00e1le nejde, treba vola\u0165 servis Axalnetu a konzultova\u0165 probl\u00e9m.<\/li>\n<\/ul>\n<div>\n<h3 id=\"m_4-ako-chranit-svoj-pocitac-pred-napadnutim-virusom-a-ako-postupovat-ked-pocitac-je-pocitacovym-virusom-napadnuty-\">4. Ako chr\u00e1ni\u0165 svoj po\u010d\u00edta\u010d pred napadnut\u00edm v\u00edrusom a ako postupova\u0165, ke\u010f po\u010d\u00edta\u010d je po\u010d\u00edta\u010dov\u00fdm v\u00edrusom napadnut\u00fd?<\/h3>\n<p>Po\u010d\u00edta\u010dov\u00e9 v\u00edrusy s\u00fa ve\u013emi nebezpe\u010dn\u00e9 po\u010d\u00edta\u010dov\u00e9 programy, ktor\u00e9 okam\u017eite nap\u00e1daj\u00fa nechr\u00e1nen\u00e9 po\u010d\u00edta\u010de, z ktor\u00fdch sa \u010falej \u0161\u00edria a zahlcuj\u00fa po\u010d\u00edta\u010dov\u00e9 siete a\u017e do takej miery, \u017ee po\u010d\u00edta\u010de a po\u010d\u00edta\u010dov\u00e9 siete prest\u00e1vaj\u00fa fungova\u0165 a plni\u0165 svoj \u00fa\u010del. Po\u010d\u00edta\u010dov\u00e9 v\u00edrusy m\u00f4\u017eu ohrozi\u0165 cel\u00fa komunika\u010dn\u00fa infra\u0161trukt\u00faru internetu. V\u00edrusy s\u00fa sie\u0165ov\u00e9 programy, ktor\u00e9 vyu\u017e\u00edvaj\u00fa bezpe\u010dnostn\u00e9 diery v syst\u00e9moch MS Windows XP SP1 (Service Pack) a star\u0161\u00edch a \u010falej \u0161\u00edria n\u00e1kazu z napadnut\u00e9ho po\u010d\u00edta\u010da. Okrem \u0161\u00edrenia n\u00e1kazy m\u00f4\u017eu vykon\u00e1va\u0165 r\u00f4znu de\u0161truk\u010dn\u00fa \u010dinnos\u0165 aj v samotnom po\u010d\u00edta\u010di, ktor\u00e1 m\u00f4\u017ee vies\u0165 a\u017e k zablokovaniu a nefunk\u010dnosti po\u010d\u00edta\u010da.<\/p>\n<\/div>\n<div><\/div>\n<div>\n<p>Je ve\u013emi d\u00f4le\u017eit\u00e9, aby si ka\u017ed\u00fd \u00fa\u017e\u00edvate\u013e chr\u00e1nil svoj po\u010d\u00edta\u010d proti v\u00edrusom. Z d\u00f4vodu prev\u00e1dzkyschopnosti na\u0161ej siete AMN aj na\u0161a spolo\u010dnos\u0165 vykon\u00e1va anal\u00fdzy a informuje z\u00e1kazn\u00edkov s infikovan\u00fdmi po\u010d\u00edta\u010dmi.<\/p>\n<\/div>\n<div>\n<h3 id=\"m_niekolko-rad-ako-bojovat-proti-virusom-\">Nieko\u013eko r\u00e1d ako bojova\u0165 proti v\u00edrusom:<\/h3>\n<p>1. Len najnov\u0161ie syst\u00e9my od spolo\u010dnosti Microsoft ako je Windows XP SP3 (in\u0161talovan\u00fd Service Pack \u010d\u00edslo3) so zapnut\u00fdm firewallom a pravidelne updateovan\u00e9 (slu\u017eba Windows Update) s\u00fa proti \u00fatokom v\u00edrusov a in\u00fdch \u0161kodliv\u00fdch programov im\u00fanne &#8211; treba si skontrolova\u0165 pr\u00edtomnos\u0165 Service Packu 3, ak nie je nain\u0161talovan\u00fd, okam\u017eite ho nain\u0161talujte, treba aktivova\u0165 firewall a updateova\u0165 svoj windows pomocou slu\u017eby Windows Update.<\/p>\n<p>2. LINUXov\u00e9 syst\u00e9my s\u00fa proti \u00fatokom v\u00edrusov im\u00fanne, firewall sa odpor\u00fa\u010da aj pri t\u00fdchto syst\u00e9moch.<\/p>\n<p>3. Ak zist\u00edte, \u017ee m\u00e1te infikovan\u00fd po\u010d\u00edta\u010d, pr\u00edpadne V\u00e1s na\u0161a spolo\u010dnos\u0165 o tejto skuto\u010dnosti informovala, je nevyhnutn\u00e9, aby ste \u010dinnos\u0165 na po\u010d\u00edta\u010di ukon\u010dili, odpojili od internetu vytiahnut\u00edm sie\u0165ov\u00e9ho k\u00e1bla (k\u00e1bel, ktor\u00fdm je po\u010d\u00edta\u010d pripojen\u00fd k z\u00e1suvke po\u010d\u00edta\u010dovej siete AMN) a vykonali odv\u00edrenie svojho po\u010d\u00edta\u010da.<\/p>\n<\/div>\n<div>\n<h3 id=\"m_nasa-spolocnost-vam-ponuka-\">Na\u0161a spolo\u010dnos\u0165 V\u00e1m pon\u00faka:<\/h3>\n<p>1. slu\u017ebu odv\u00edrenie PC v cene 10 \u20ac s DPH<\/p>\n<p>2. slu\u017ebu rein\u0161tal\u00e1cie PC v cene 20 \u20ac s DPH z prinesen\u00fdch in\u0161tala\u010dn\u00fdch m\u00e9di\u00ed.<\/p>\n<p>Pri slu\u017ebe odv\u00edrenia PC m\u00f4\u017ee p\u00f4soben\u00edm v\u00edrusov d\u00f4js\u0165 k po\u0161kodeniu syst\u00e9mu, ktor\u00fd po odv\u00edren\u00ed nemus\u00ed by\u0165 prev\u00e1dzkyschopn\u00fd, pr\u00edpadne m\u00f4\u017ee by\u0165 in\u00fdm sp\u00f4sobom po\u0161koden\u00fd, a preto na\u0161a spolo\u010dnos\u0165 ru\u010d\u00ed len za samotn\u00e9 odv\u00edrenie syst\u00e9mu a nie za jeho pln\u00fa funk\u010dnos\u0165 po odv\u00edren\u00ed.<\/p>\n<\/div>\n<div>\n<h3 id=\"m_ak-nechcete-vyuzit-nase-sluzby-ponukame-vam-niekolko-rad-navodov-a-postupov-k-identifikacii-virusov-a-ich-zneskodneniu-\">Ak nechcete vyu\u017ei\u0165 na\u0161e slu\u017eby, pon\u00fakame V\u00e1m nieko\u013eko r\u00e1d, n\u00e1vodov a postupov k identifik\u00e1cii v\u00edrusov a ich zne\u0161kodneniu.<\/h3>\n<p>Odpor\u00fa\u010dame pou\u017e\u00edva\u0165 Win XP SP3 (Service Pack 3) je mo\u017en\u00e9 stiahnu\u0165 priamo z internetu zo str\u00e1nok Microsoftu, pr\u00edpadne prein\u0161talova\u0165 cel\u00fd syst\u00e9m in\u0161tal\u00e1ciou Win XP s u\u017e zabudovan\u00fdm SP3. Ak sa rozhodnete prein\u0161talova\u0165 svoj syst\u00e9m Windows, dodr\u017ete nasleduj\u00facu postupnos\u0165:<\/p>\n<\/div>\n<div>\n<p>1. Zabezpe\u010dte si disketu alebo CD s antiv\u00edrusov\u00fdm syst\u00e9mom, my odpor\u00fa\u010dame Avast 4 Home Edition &#8211; www.avast.cz<\/p>\n<p>2. Zabezpe\u010dte si in\u0161tala\u010dn\u00e9 CD so syt\u00e9mom Win XP SP3, pr\u00edpadne Win XP SP2 a CD s SP3 pre Win XP.<\/p>\n<p>3. Odpojte k\u00e1bel, ktor\u00fdm je pripojen\u00e9 Va\u0161e PC k pr\u00edpojte siete AMN.<\/p>\n<p>4. Prein\u0161talujte PC.<\/p>\n<p>5. Zapnite firewall.<\/p>\n<p>6. Z pripraven\u00fdch m\u00e9di\u00ed nain\u0161talujte antiv\u00edrusov\u00fd syst\u00e9m.<\/p>\n<p>7. Pripojte k\u00e1bel k pr\u00edpojke do siete AMN.<\/p>\n<p>8. Pomocou slu\u017eby Windows Update si aktualizujte syst\u00e9m.<\/p>\n<\/div>\n<div>\n<h3 id=\"m_ak-si-svoje-pc-skontrolujete-a-odvirite-antivirusovym-systemom-aj-tak-je-mozne-ze-niektore-skodlive-programy-a-virusy-vam-v-pocitaci-zostanu-preto-je-potrebne-vykonat-dalsie-tzv-rucne-kontroly-\">Ak si svoje PC skontrolujete a odv\u00edrite antiv\u00edrusov\u00fdm syst\u00e9mom, aj tak je mo\u017en\u00e9, \u017ee niektor\u00e9 \u0161kodliv\u00e9 programy a v\u00edrusy V\u00e1m v po\u010d\u00edta\u010di zostan\u00fa. Preto je potrebn\u00e9 vykona\u0165 \u010fal\u0161ie tzv. ru\u010dn\u00e9 kontroly.<\/h3>\n<p>Stru\u010dn\u00fd popis a identifik\u00e1cia v\u00edrusov, ktor\u00e9 nemus\u00ed odhali\u0165 antiv\u00edrusov\u00fd syst\u00e9m, tu V\u00e1m uv\u00e1dzame postup pre ru\u010dn\u00e9 kontroly. Treba by\u0165 opatrn\u00fd, lebo v dne\u0161nej dobe sa v\u00edrusy nach\u00e1dzaj\u00fa v na\u0161ich s\u00faboroch ako programy s n\u00e1zvami podobn\u00fdmi ako s\u00fa syst\u00e9mov\u00e9 s\u00fabory ako napr\u00edklad:<\/p>\n<p>. . . winexec32.exe, scvhost.exe, test.exe, sock.exe, socks.exe, sock32.exe,<br \/>\nnsv?????.exe, dllman.exe, dllmanager.exe, sais.exe<\/p>\n<p>. . . alebo s ni\u010d nehovoriacim n\u00e1zvom napr. scfxvz.exe. Ak s\u00fa tak\u00e9to s\u00fabory s v\u00edrusmi spusten\u00e9, musia sa okam\u017eite ukon\u010di\u0165 &#8211; pomocou spr\u00e1vcu \u00faloh (CTRL + ALT + DEL) vo Win XP nastavi\u0165 sa kurzorom na pr\u00edslu\u0161n\u00fd program a tla\u010d\u00edtkom ukon\u010di\u0165 \u00falohu ho ukon\u010di\u0165) a vymaza\u0165 zo syst\u00e9mu s\u00faborov &#8211; nach\u00e1dzaj\u00fa sa v\u00e4\u010d\u0161inou v adres\u00e1roch c:\/, c:\/windows, c:\/windows\/system32. Ak sa spr\u00e1vca \u00faloh po spusten\u00ed ihne\u010f zavrie, treba cel\u00fd syst\u00e9m prein\u0161talova\u0165. Tieto programy nemaj\u00fa signat\u00faru v\u00fdrobcu &#8211; prav\u00e9 tla\u010d\u00edtko my\u0161i &#8211; vlastnosti &#8211; z\u00e1lo\u017eka verzia nie je, z\u00e1lo\u017eka s\u00fahrn nem\u00e1 vyplnen\u00e9 \u017eiadne pole, pr\u00edpadne z\u00e1lo\u017eka s\u00fahrn tie\u017e neexistuje.<\/p>\n<\/div>\n<div>\n<p>Je ve\u013emi d\u00f4le\u017eit\u00e9 uvedomi\u0165 si, \u017ee v\u00edrusy a in\u00e9 \u0161kodliv\u00e9 programy vznikaj\u00fa denne nov\u00e9 a preto nie je mo\u017en\u00e9 vymenova\u0165 v\u0161etky n\u00e1zvy s\u00faborov a ani postupy k ich zne\u0161kodneniu, lebo sa st\u00e1le menia. V\u00edrusy s\u00fa st\u00e1le dokonalej\u0161ie a vyu\u017e\u00edvaj\u00fa st\u00e1le nov\u0161ie a \u010doraz zlo\u017eitej\u0161ie techniky infiltr\u00e1cie syst\u00e9mov a samovo\u013en\u00e9ho \u0161\u00edrenia. Zatia\u013e st\u00e1le plat\u00ed, \u017ee v\u00edrusy nap\u00e1daj\u00fa len syst\u00e9my MS Windows a nie syst\u00e9my LINUXov\u00e9. Syst\u00e9my zalo\u017een\u00e9 na niektorej zo s\u00fa\u010dasn\u00fdch LINUXov\u00fdch distrib\u00faci\u00ed s\u00fa podstatne stabilnej\u0161ie a odolnej\u0161ie proti \u00fatokom.<\/p>\n<\/div>\n","protected":false},"excerpt":{"rendered":"<p>Prin\u00e1\u0161ame V\u00e1m rady a n\u00e1vody na nastavenie a obsluhu Va\u0161ich po\u010d\u00edta\u010dov pre 3 kateg\u00f3rie opera\u010dn\u00fdch syst\u00e9mov &#8211; Windows XP Home\/Prof., WinNT, Win2k, Windows Vista\/Seven (7) a Linux. 1. Ako si zist\u00edme fyzick\u00fa (MAC) adresu sie\u0165ovej karty? Fyzick\u00e1 (MAC) adresa je \u0161estica dvojznakov\u00fdch slov oddelen\u00fdch poml\u010dkou alebo dvojbodkou a ako znaky m\u00f4\u017eu by\u0165 pou\u017eit\u00e9 len tieto:&hellip;<\/p>\n","protected":false},"author":1,"featured_media":0,"parent":39,"menu_order":3,"comment_status":"closed","ping_status":"closed","template":"","meta":[],"_links":{"self":[{"href":"https:\/\/www.axalnet.sk\/new\/wp-json\/wp\/v2\/pages\/45"}],"collection":[{"href":"https:\/\/www.axalnet.sk\/new\/wp-json\/wp\/v2\/pages"}],"about":[{"href":"https:\/\/www.axalnet.sk\/new\/wp-json\/wp\/v2\/types\/page"}],"author":[{"embeddable":true,"href":"https:\/\/www.axalnet.sk\/new\/wp-json\/wp\/v2\/users\/1"}],"replies":[{"embeddable":true,"href":"https:\/\/www.axalnet.sk\/new\/wp-json\/wp\/v2\/comments?post=45"}],"version-history":[{"count":5,"href":"https:\/\/www.axalnet.sk\/new\/wp-json\/wp\/v2\/pages\/45\/revisions"}],"predecessor-version":[{"id":573,"href":"https:\/\/www.axalnet.sk\/new\/wp-json\/wp\/v2\/pages\/45\/revisions\/573"}],"up":[{"embeddable":true,"href":"https:\/\/www.axalnet.sk\/new\/wp-json\/wp\/v2\/pages\/39"}],"wp:attachment":[{"href":"https:\/\/www.axalnet.sk\/new\/wp-json\/wp\/v2\/media?parent=45"}],"curies":[{"name":"wp","href":"https:\/\/api.w.org\/{rel}","templated":true}]}}