{"id":41,"date":"2013-10-31T09:08:04","date_gmt":"2013-10-31T08:08:04","guid":{"rendered":"http:\/\/www.axalnet.sk\/new\/?page_id=41"},"modified":"2015-11-18T14:00:18","modified_gmt":"2015-11-18T13:00:18","slug":"servisny-formular","status":"publish","type":"page","link":"https:\/\/www.axalnet.sk\/new\/pomoc-a-podpora\/servisny-formular\/","title":{"rendered":"Servisn\u00fd formul\u00e1r"},"content":{"rendered":"<h2 id=\"m_pomozeme-vam-vyriesit-problem-pretoze-nasim-cielom-su-spokojni-zakaznici-\">Pom\u00f4\u017eeme V\u00e1m vyrie\u0161i\u0165 probl\u00e9m, preto\u017ee<br \/>\nNa\u0161im cie\u013eom s\u00fa spokojn\u00ed z\u00e1kazn\u00edci.<\/h2>\n<div>\n<p>Ak sa vyskytol probl\u00e9m s vyu\u017e\u00edvan\u00edm na\u0161ich slu\u017eieb a nena\u0161li ste jeho rie\u0161enie na podstr\u00e1nke \u010casto kladen\u00e9 ot\u00e1zky, alebo Rady a n\u00e1vody, vypl\u0148te, pros\u00edm, tento formul\u00e1r \u010do najpresnej\u0161ie. Na\u0161i technici sa s Vami skontaktuj\u00fa a probl\u00e9m vyrie\u0161ia.<\/p>\n<p>Ak sa rozhodnete vyu\u017ei\u0165 telefonick\u00fa linku podpory, pripravte si, pros\u00edm, vopred kontaktn\u00e9 \u00fadaje (meno z\u00e1kazn\u00edka, adresa pr\u00edpojky) a popis probl\u00e9mu. Ur\u00fdchlite tak vybavenie Va\u0161ej po\u017eiadavky.<\/p>\n<div role=\"form\" class=\"wpcf7\" id=\"wpcf7-f446-o1\" lang=\"sk-SK\" dir=\"ltr\">\n<div class=\"screen-reader-response\"><p role=\"status\" aria-live=\"polite\" aria-atomic=\"true\"><\/p> <ul><\/ul><\/div>\n<form action=\"\/new\/wp-json\/wp\/v2\/pages\/41#wpcf7-f446-o1\" method=\"post\" class=\"wpcf7-form init\" novalidate=\"novalidate\" data-status=\"init\">\n<div style=\"display: none;\">\n<input type=\"hidden\" name=\"_wpcf7\" value=\"446\" \/>\n<input type=\"hidden\" name=\"_wpcf7_version\" value=\"5.5.4\" \/>\n<input type=\"hidden\" name=\"_wpcf7_locale\" value=\"sk_SK\" \/>\n<input type=\"hidden\" name=\"_wpcf7_unit_tag\" value=\"wpcf7-f446-o1\" \/>\n<input type=\"hidden\" name=\"_wpcf7_container_post\" value=\"0\" \/>\n<input type=\"hidden\" name=\"_wpcf7_posted_data_hash\" value=\"\" \/>\n<input type=\"hidden\" name=\"_wpcf7_recaptcha_response\" value=\"\" \/>\n<\/div>\n<p>Va\u0161e meno (povinn\u00e9)<br \/>\n    <span class=\"wpcf7-form-control-wrap your-name\"><input type=\"text\" name=\"your-name\" value=\"\" size=\"40\" class=\"wpcf7-form-control wpcf7-text wpcf7-validates-as-required\" aria-required=\"true\" aria-invalid=\"false\" \/><\/span> <\/p>\n<p>V\u00e1\u0161 email (povinn\u00e9)<br \/>\n    <span class=\"wpcf7-form-control-wrap your-email\"><input type=\"email\" name=\"your-email\" value=\"\" size=\"40\" class=\"wpcf7-form-control wpcf7-text wpcf7-email wpcf7-validates-as-required wpcf7-validates-as-email\" aria-required=\"true\" aria-invalid=\"false\" \/><\/span> <\/p>\n<p>V\u00e1\u0161 telef\u00f3n (povinn\u00e9)<br \/>\n    <span class=\"wpcf7-form-control-wrap your-phone\"><input type=\"text\" name=\"your-phone\" value=\"\" size=\"40\" class=\"wpcf7-form-control wpcf7-text wpcf7-validates-as-required\" aria-required=\"true\" aria-invalid=\"false\" \/><\/span> <\/p>\n<p>Adresa<br \/>\n    <span class=\"wpcf7-form-control-wrap address\"><input type=\"text\" name=\"address\" value=\"\" size=\"40\" class=\"wpcf7-form-control wpcf7-text\" aria-invalid=\"false\" \/><\/span> <\/p>\n<p>Mesto<br \/>\n    <span class=\"wpcf7-form-control-wrap town\"><input type=\"text\" name=\"town\" value=\"\" size=\"40\" class=\"wpcf7-form-control wpcf7-text\" aria-invalid=\"false\" \/><\/span> <\/p>\n<p><strong>Charakteristika probl\u00e9mu<\/strong><\/p>\n<p>D\u00e1tum a \u010das vzniku probl\u00e9mu<br\/><br \/>\n    <span class=\"wpcf7-form-control-wrap time\"><input type=\"text\" name=\"time\" value=\"\" size=\"40\" class=\"wpcf7-form-control wpcf7-text wpcf7-validates-as-required\" aria-required=\"true\" aria-invalid=\"false\" \/><\/span> <\/p>\n<p>Podrobn\u00fd popis probl\u00e9mu<br \/>\n    <span class=\"wpcf7-form-control-wrap your-message\"><textarea name=\"your-message\" cols=\"40\" rows=\"10\" class=\"wpcf7-form-control wpcf7-textarea\" aria-invalid=\"false\"><\/textarea><\/span> <\/p>\n<p><input type=\"submit\" value=\"Odo\u0161li\" class=\"wpcf7-form-control has-spinner wpcf7-submit\" \/><\/p>\n\n<p style=\"display: none !important;\"><label>&#916;<textarea name=\"_wpcf7_ak_hp_textarea\" cols=\"45\" rows=\"8\" maxlength=\"100\"><\/textarea><\/label><input type=\"hidden\" id=\"ak_js_1\" name=\"_wpcf7_ak_js\" value=\"56\"\/><script>document.getElementById( \"ak_js_1\" ).setAttribute( \"value\", ( new Date() ).getTime() );<\/script><\/p><div class=\"wpcf7-response-output\" aria-hidden=\"true\"><\/div><\/form><\/div>\n<\/div>\n","protected":false},"excerpt":{"rendered":"<p>Pom\u00f4\u017eeme V\u00e1m vyrie\u0161i\u0165 probl\u00e9m, preto\u017ee Na\u0161im cie\u013eom s\u00fa spokojn\u00ed z\u00e1kazn\u00edci. Ak sa vyskytol probl\u00e9m s vyu\u017e\u00edvan\u00edm na\u0161ich slu\u017eieb a nena\u0161li ste jeho rie\u0161enie na podstr\u00e1nke \u010casto kladen\u00e9 ot\u00e1zky, alebo Rady a n\u00e1vody, vypl\u0148te, pros\u00edm, tento formul\u00e1r \u010do najpresnej\u0161ie. Na\u0161i technici sa s Vami skontaktuj\u00fa a probl\u00e9m vyrie\u0161ia. Ak sa rozhodnete vyu\u017ei\u0165 telefonick\u00fa linku podpory, pripravte&hellip;<\/p>\n","protected":false},"author":1,"featured_media":0,"parent":39,"menu_order":1,"comment_status":"closed","ping_status":"closed","template":"","meta":[],"_links":{"self":[{"href":"https:\/\/www.axalnet.sk\/new\/wp-json\/wp\/v2\/pages\/41"}],"collection":[{"href":"https:\/\/www.axalnet.sk\/new\/wp-json\/wp\/v2\/pages"}],"about":[{"href":"https:\/\/www.axalnet.sk\/new\/wp-json\/wp\/v2\/types\/page"}],"author":[{"embeddable":true,"href":"https:\/\/www.axalnet.sk\/new\/wp-json\/wp\/v2\/users\/1"}],"replies":[{"embeddable":true,"href":"https:\/\/www.axalnet.sk\/new\/wp-json\/wp\/v2\/comments?post=41"}],"version-history":[{"count":3,"href":"https:\/\/www.axalnet.sk\/new\/wp-json\/wp\/v2\/pages\/41\/revisions"}],"predecessor-version":[{"id":564,"href":"https:\/\/www.axalnet.sk\/new\/wp-json\/wp\/v2\/pages\/41\/revisions\/564"}],"up":[{"embeddable":true,"href":"https:\/\/www.axalnet.sk\/new\/wp-json\/wp\/v2\/pages\/39"}],"wp:attachment":[{"href":"https:\/\/www.axalnet.sk\/new\/wp-json\/wp\/v2\/media?parent=41"}],"curies":[{"name":"wp","href":"https:\/\/api.w.org\/{rel}","templated":true}]}}