{"id":37,"date":"2013-10-31T09:07:09","date_gmt":"2013-10-31T08:07:09","guid":{"rendered":"http:\/\/www.axalnet.sk\/new\/?page_id=37"},"modified":"2015-10-28T08:34:10","modified_gmt":"2015-10-28T07:34:10","slug":"o-firme","status":"publish","type":"page","link":"https:\/\/www.axalnet.sk\/new\/o-nas\/o-firme\/","title":{"rendered":"O firme"},"content":{"rendered":"<p>[vc_row][vc_column width=&#8220;1\/1&#8243;][vc_column_text]Spolo\u010dnos\u0165 Axalnet p\u00f4sob\u00ed predov\u0161etk\u00fdm ako poskytova\u0165e\u013e internetov\u00e9ho pripojenia na region\u00e1lnom trhu od roku 2003 a v s\u00fa\u010dastnosti predstavuje stabiln\u00e9ho partnera pre dom\u00e1cich a firemn\u00fdch z\u00e1kazn\u00edkov.<\/p>\n<p>Na\u0161e slu\u017eby vyu\u017e\u00edva v s\u00fa\u010dasnosti nieko\u013eko tis\u00edc bytov\u00fdch, domov\u00fdch a firemn\u00fdch z\u00e1kazn\u00edkov z radov v\u00fdznamn\u00fdch podnikov a in\u0161tit\u00faci\u00ed z Topo\u013e\u010dian, Bo\u0161ian, Partiz\u00e1nskeho a \u0161irok\u00e9ho okolia.<br \/>\n<br \/>\nVysokor\u00fdchlostn\u00e9 pripojenie do internetu realizujeme pomocou opticko-metalickej siete skapacitou do 20 Mbit\/s , ktor\u00fa vhodne dop\u013a\u0148a technol\u00f3gia mikrovln\u00e9ho spojenia, pokr\u00fdvaj\u00faca v\u00e4\u010d\u0161inu obc\u00ed regi\u00f3nu.<br \/>\n<br \/>\nK z\u00e1kladn\u00e9mu produktu, internetov\u00e9mu pripojeniu, poskytujeme preto cel\u00fd rad slu\u017eieb, vr\u00e1tane IP Telev\u00edzie, na\u0161im z\u00e1kazn\u00edkom za zv\u00fdhodnen\u00fa, atrakt\u00edvnu cenu.<br \/>\n<br \/>\nPrioritou firmy je predov\u0161etk\u00fdm cenov\u00e1 dostupnos\u0165 a kvalita na\u0161ich slu\u017eieb firemn\u00fdm aj domov\u00fdm z\u00e1kazn\u00edkom.<br \/>\n<br \/>\nNa zabezpe\u010denie kvality a dostupnosti pou\u017e\u00edvame a kvalitn\u00e9 akt\u00edvne a pas\u00edvne prvky renomovan\u00fdch v\u00fdrobcov, s dostato\u010dnou rezervou kapacity s v\u00edziou roz\u0161irovania siete a zvy\u0161ovania r\u00fdchlosti a kapacity v bud\u00facnosti.<br \/>\n<br \/>\nOrient\u00e1cia na z\u00e1kazn\u00edka, roz\u0161irovanie dostupnosti, inov\u00e1cia technol\u00f3gi\u00ed a portf\u00f3lia slu\u017eieb pri udr\u017ean\u00ed a zvy\u0161ovan\u00ed kvality bez cenov\u00e9ho navy\u0161ovania, je hlavn\u00fdm kr\u00e9dom spolo\u010dnosti Axalnet s r.o.[\/vc_column_text][\/vc_column][\/vc_row]<\/p>\n","protected":false},"excerpt":{"rendered":"<p>[vc_row][vc_column width=&#8220;1\/1&#8243;][vc_column_text]Spolo\u010dnos\u0165 Axalnet p\u00f4sob\u00ed predov\u0161etk\u00fdm ako poskytova\u0165e\u013e internetov\u00e9ho pripojenia na region\u00e1lnom trhu od roku 2003 a v s\u00fa\u010dastnosti predstavuje stabiln\u00e9ho partnera pre dom\u00e1cich a firemn\u00fdch z\u00e1kazn\u00edkov. Na\u0161e slu\u017eby vyu\u017e\u00edva v s\u00fa\u010dasnosti nieko\u013eko tis\u00edc bytov\u00fdch, domov\u00fdch a firemn\u00fdch z\u00e1kazn\u00edkov z radov v\u00fdznamn\u00fdch podnikov a in\u0161tit\u00faci\u00ed z Topo\u013e\u010dian, Bo\u0161ian, Partiz\u00e1nskeho a \u0161irok\u00e9ho okolia. Vysokor\u00fdchlostn\u00e9 pripojenie do internetu&hellip;<\/p>\n","protected":false},"author":1,"featured_media":0,"parent":33,"menu_order":2,"comment_status":"closed","ping_status":"closed","template":"","meta":[],"_links":{"self":[{"href":"https:\/\/www.axalnet.sk\/new\/wp-json\/wp\/v2\/pages\/37"}],"collection":[{"href":"https:\/\/www.axalnet.sk\/new\/wp-json\/wp\/v2\/pages"}],"about":[{"href":"https:\/\/www.axalnet.sk\/new\/wp-json\/wp\/v2\/types\/page"}],"author":[{"embeddable":true,"href":"https:\/\/www.axalnet.sk\/new\/wp-json\/wp\/v2\/users\/1"}],"replies":[{"embeddable":true,"href":"https:\/\/www.axalnet.sk\/new\/wp-json\/wp\/v2\/comments?post=37"}],"version-history":[{"count":3,"href":"https:\/\/www.axalnet.sk\/new\/wp-json\/wp\/v2\/pages\/37\/revisions"}],"predecessor-version":[{"id":545,"href":"https:\/\/www.axalnet.sk\/new\/wp-json\/wp\/v2\/pages\/37\/revisions\/545"}],"up":[{"embeddable":true,"href":"https:\/\/www.axalnet.sk\/new\/wp-json\/wp\/v2\/pages\/33"}],"wp:attachment":[{"href":"https:\/\/www.axalnet.sk\/new\/wp-json\/wp\/v2\/media?parent=37"}],"curies":[{"name":"wp","href":"https:\/\/api.w.org\/{rel}","templated":true}]}}