{"id":35,"date":"2013-10-31T09:06:59","date_gmt":"2013-10-31T08:06:59","guid":{"rendered":"http:\/\/www.axalnet.sk\/new\/?page_id=35"},"modified":"2026-04-07T09:36:29","modified_gmt":"2026-04-07T08:36:29","slug":"kontakt","status":"publish","type":"page","link":"https:\/\/www.axalnet.sk\/new\/o-nas\/kontakt\/","title":{"rendered":"Kontakt"},"content":{"rendered":"<p>[vc_row][vc_column width=&#8220;1\/3&#8243;][vc_column_text]<\/p>\n<h3>Kontakt<\/h3>\n<p>Axalnet s.r.o.<br \/>\n\u0160kult\u00e9tyho 4720\/2A<br \/>\n95501\u00a0\u00a0Topo\u013e\u010dany<br \/>\n<img loading=\"lazy\" src=\"https:\/\/www.axalnet.sk\/new\/wp-content\/uploads\/2013\/10\/1393528337_contact.png\" alt=\"1393528337_contact\" width=\"16\" height=\"16\" align=\"absmiddle\" \/> +421 385 322 322<br \/>\n<img loading=\"lazy\" src=\"https:\/\/www.axalnet.sk\/new\/wp-content\/uploads\/2013\/10\/1393528337_contact.png\" alt=\"1393528337_contact\" width=\"16\" height=\"16\" align=\"absmiddle\" \/> +421 38 290 10 11<\/p>\n<p><img loading=\"lazy\" src=\"https:\/\/www.axalnet.sk\/new\/wp-content\/uploads\/2013\/10\/1393528481_519948-008_Mail.png\" alt=\"1393528481_519948-008_Mail\" width=\"16\" height=\"16\" align=\"absmiddle\" \/>\u00a0<a href=\"mailto:infolog@axalnet.sk\">infolog@axalnet.sk<\/a><\/p>\n<div style=\"margin-bottom: 30px;\">\n<p>Otv\u00e1racie hodiny<\/p>\n<table>\n<tbody>\n<tr>\n<td>Pondelok<\/td>\n<td><strong>8:00-12:00\u00a0\u00a0 12:30-16:30<\/strong><\/td>\n<\/tr>\n<tr>\n<td>Utorok<\/td>\n<td><strong>8:00-12:00\u00a0\u00a0 12:30-16:30<\/strong><\/td>\n<\/tr>\n<tr>\n<td>Streda<\/td>\n<td><strong>8:00-12:00\u00a0\u00a0 12:30-16:30<\/strong><\/td>\n<\/tr>\n<tr>\n<td>\u0160tvrtok<\/td>\n<td><strong>8:00-12:00\u00a0\u00a0 12:30-16:30<\/strong><\/td>\n<\/tr>\n<tr>\n<td>Piatok<\/td>\n<td><strong>8:00-12:00\u00a0\u00a0 12:30-14:00<\/strong><\/td>\n<\/tr>\n<tr>\n<td>Sobota<\/td>\n<td><strong>zatvoren\u00e9<\/strong><\/td>\n<\/tr>\n<tr>\n<td>Nede\u013ea<\/td>\n<td><strong>zatvoren\u00e9<\/strong><\/td>\n<\/tr>\n<\/tbody>\n<\/table>\n<\/div>\n<p>[\/vc_column_text][\/vc_column][vc_column width=&#8220;1\/3&#8243;][vc_column_text]<\/p>\n<h3>Technick\u00e1 podpora<\/h3>\n<address><img loading=\"lazy\" src=\"https:\/\/www.axalnet.sk\/new\/wp-content\/uploads\/2013\/10\/1393528337_contact.png\" alt=\"1393528337_contact\" width=\"16\" height=\"16\" align=\"absmiddle\" \/>\u00a0+421 385 322 322<br \/>\n<img loading=\"lazy\" src=\"https:\/\/www.axalnet.sk\/new\/wp-content\/uploads\/2013\/10\/1393528337_contact.png\" alt=\"1393528337_contact\" width=\"16\" height=\"16\" align=\"absmiddle\" \/> +421 38 290 10 10<br \/>\n<img loading=\"lazy\" src=\"https:\/\/www.axalnet.sk\/new\/wp-content\/uploads\/2013\/10\/1393528481_519948-008_Mail.png\" alt=\"1393528481_519948-008_Mail\" width=\"16\" height=\"16\" align=\"absmiddle\" \/>\u00a0 <a href=\"mailto:support@axalnet.sk\">support@axalnet.sk<\/a><\/address>\n<p>&nbsp;<\/p>\n<p>Technick\u00e1 podpora je na linke od<\/p>\n<table>\n<tbody>\n<tr>\n<td>Pondelok &#8211; Piatok<\/td>\n<td><strong>8:00 &#8211; 16:00<\/strong><\/td>\n<\/tr>\n<\/tbody>\n<\/table>\n<p>[\/vc_column_text][vc_column_text]<\/p>\n<h3>Mont\u00e1\u017enici<\/h3>\n<address><img loading=\"lazy\" src=\"https:\/\/www.axalnet.sk\/new\/wp-content\/uploads\/2013\/10\/1393528337_contact.png\" alt=\"1393528337_contact\" width=\"16\" height=\"16\" align=\"absmiddle\" \/> +421 38 290 10 09<br \/>\n<img loading=\"lazy\" src=\"https:\/\/www.axalnet.sk\/new\/wp-content\/uploads\/2013\/10\/1393528481_519948-008_Mail.png\" alt=\"1393528481_519948-008_Mail\" width=\"16\" height=\"16\" align=\"absmiddle\" \/>\u00a0 <a href=\"mailto:support@axalnet.sk\">support@axalnet.sk<\/a><\/address>\n<p>\u00a0[\/vc_column_text][\/vc_column][vc_column width=&#8220;1\/3&#8243;][vc_column_text]<\/p>\n<h3>Ekonomick\u00e9 oddelenie<\/h3>\n<address><img loading=\"lazy\" src=\"https:\/\/www.axalnet.sk\/new\/wp-content\/uploads\/2013\/10\/1393528337_contact.png\" alt=\"1393528337_contact\" width=\"16\" height=\"16\" align=\"absmiddle\" \/> +421 385 322 322<br \/>\n<img loading=\"lazy\" src=\"https:\/\/www.axalnet.sk\/new\/wp-content\/uploads\/2013\/10\/1393528337_contact.png\" alt=\"1393528337_contact\" width=\"16\" height=\"16\" align=\"absmiddle\" \/> +421 38 290 10 11<br \/>\n<img loading=\"lazy\" src=\"https:\/\/www.axalnet.sk\/new\/wp-content\/uploads\/2013\/10\/1393528481_519948-008_Mail.png\" alt=\"1393528481_519948-008_Mail\" width=\"16\" height=\"16\" align=\"absmiddle\" \/> <a href=\"mailto:reklamacie@axalnet.sk\">reklamacie@axalnet.sk<\/a><\/address>\n<p>\u00a0[\/vc_column_text][\/vc_column][\/vc_row][vc_row][vc_column][vc_column_text]<\/p>\n<div style=\"margin-top: 90px;\"><iframe loading=\"lazy\" src=\"http:\/\/www.google.com\/maps\/embed?pb=!1m18!1m12!1m3!1d1573.8668050408437!2d18.174074621648742!3d48.55757424966748!2m3!1f0!2f0!3f0!3m2!1i1024!2i768!4f13.1!3m3!1m2!1s0x476b4aa56d7ca0c9%3A0xa73817a837318a9e!2sAxalnet!5e1!3m2!1ssk!2ssk!4v1449470978427\" width=\"750\" height=\"450\" frameborder=\"0\" marginwidth=\"0\" marginheight=\"0\" scrolling=\"no\"><\/iframe><br \/>\n<small><a style=\"color: #0000ff; text-align: left;\" href=\"http:\/\/maps.google.com\/maps?f=q&amp;source=embed&amp;hl=sk&amp;geocode=&amp;q=axalnet&amp;sll=37.0625,-95.677068&amp;sspn=54.753001,135.263672&amp;ie=UTF8&amp;hq=axalnet&amp;hnear=&amp;radius=15000&amp;t=h&amp;cid=12049406814277700254&amp;ll=48.564851,18.178768&amp;spn=0.01988,0.047293&amp;z=14&amp;iwloc=A\">Zv\u00e4\u010d\u0161i\u0165 mapu<\/a><\/small><\/div>\n<p>&nbsp;<\/p>\n<div role=\"form\" class=\"wpcf7\" id=\"wpcf7-f445-o1\" lang=\"sk-SK\" dir=\"ltr\">\n<div class=\"screen-reader-response\"><p role=\"status\" aria-live=\"polite\" aria-atomic=\"true\"><\/p> <ul><\/ul><\/div>\n<form action=\"\/new\/wp-json\/wp\/v2\/pages\/35#wpcf7-f445-o1\" method=\"post\" class=\"wpcf7-form init\" novalidate=\"novalidate\" data-status=\"init\">\n<div style=\"display: none;\">\n<input type=\"hidden\" name=\"_wpcf7\" value=\"445\" \/>\n<input type=\"hidden\" name=\"_wpcf7_version\" value=\"5.5.4\" \/>\n<input type=\"hidden\" name=\"_wpcf7_locale\" value=\"sk_SK\" \/>\n<input type=\"hidden\" name=\"_wpcf7_unit_tag\" value=\"wpcf7-f445-o1\" \/>\n<input type=\"hidden\" name=\"_wpcf7_container_post\" value=\"0\" \/>\n<input type=\"hidden\" name=\"_wpcf7_posted_data_hash\" value=\"\" \/>\n<input type=\"hidden\" name=\"_wpcf7_recaptcha_response\" value=\"\" \/>\n<\/div>\n<p><label>Va\u0161e meno (povinn\u00e9)<br \/>\n    <span class=\"wpcf7-form-control-wrap your-name\"><input type=\"text\" name=\"your-name\" value=\"\" size=\"40\" class=\"wpcf7-form-control wpcf7-text wpcf7-validates-as-required\" aria-required=\"true\" aria-invalid=\"false\" \/><\/span> <\/label><\/p>\n<p><label>V\u00e1\u0161 email (povinn\u00e9)<br \/>\n    <span class=\"wpcf7-form-control-wrap your-email\"><input type=\"email\" name=\"your-email\" value=\"\" size=\"40\" class=\"wpcf7-form-control wpcf7-text wpcf7-email wpcf7-validates-as-required wpcf7-validates-as-email\" aria-required=\"true\" aria-invalid=\"false\" \/><\/span> <\/label><\/p>\n<p><label>Predmet<br \/>\n    <span class=\"wpcf7-form-control-wrap your-subject\"><input type=\"text\" name=\"your-subject\" value=\"\" size=\"40\" class=\"wpcf7-form-control wpcf7-text wpcf7-validates-as-required\" aria-required=\"true\" aria-invalid=\"false\" \/><\/span> <\/label><\/p>\n<p><label>Va\u0161a spr\u00e1va<br \/>\n    <span class=\"wpcf7-form-control-wrap your-message\"><textarea name=\"your-message\" cols=\"80\" rows=\"10\" class=\"wpcf7-form-control wpcf7-textarea\" aria-invalid=\"false\"><\/textarea><\/span> <\/label><\/p>\n<p><input type=\"submit\" value=\"Odosla\u0165\" class=\"wpcf7-form-control has-spinner wpcf7-submit\" \/><\/p>\n\n<p style=\"display: none !important;\"><label>&#916;<textarea name=\"_wpcf7_ak_hp_textarea\" cols=\"45\" rows=\"8\" maxlength=\"100\"><\/textarea><\/label><input type=\"hidden\" id=\"ak_js_1\" name=\"_wpcf7_ak_js\" value=\"155\"\/><script>document.getElementById( \"ak_js_1\" ).setAttribute( \"value\", ( new Date() ).getTime() );<\/script><\/p><div class=\"wpcf7-response-output\" aria-hidden=\"true\"><\/div><\/form><\/div>[\/vc_column_text][\/vc_column][\/vc_row]<\/p>\n","protected":false},"excerpt":{"rendered":"<p>[vc_row][vc_column width=&#8220;1\/3&#8243;][vc_column_text] Kontakt Axalnet s.r.o. \u0160kult\u00e9tyho 4720\/2A 95501\u00a0\u00a0Topo\u013e\u010dany +421 385 322 322 +421 38 290 10 11 \u00a0infolog@axalnet.sk Otv\u00e1racie hodiny Pondelok 8:00-12:00\u00a0\u00a0 12:30-16:30 Utorok 8:00-12:00\u00a0\u00a0 12:30-16:30 Streda 8:00-12:00\u00a0\u00a0 12:30-16:30 \u0160tvrtok 8:00-12:00\u00a0\u00a0 12:30-16:30 Piatok 8:00-12:00\u00a0\u00a0 12:30-14:00 Sobota zatvoren\u00e9 Nede\u013ea zatvoren\u00e9 [\/vc_column_text][\/vc_column][vc_column width=&#8220;1\/3&#8243;][vc_column_text] Technick\u00e1 podpora \u00a0+421 385 322 322 +421 38 290 10 10 \u00a0 support@axalnet.sk &nbsp;&hellip;<\/p>\n","protected":false},"author":1,"featured_media":0,"parent":33,"menu_order":1,"comment_status":"closed","ping_status":"closed","template":"","meta":[],"_links":{"self":[{"href":"https:\/\/www.axalnet.sk\/new\/wp-json\/wp\/v2\/pages\/35"}],"collection":[{"href":"https:\/\/www.axalnet.sk\/new\/wp-json\/wp\/v2\/pages"}],"about":[{"href":"https:\/\/www.axalnet.sk\/new\/wp-json\/wp\/v2\/types\/page"}],"author":[{"embeddable":true,"href":"https:\/\/www.axalnet.sk\/new\/wp-json\/wp\/v2\/users\/1"}],"replies":[{"embeddable":true,"href":"https:\/\/www.axalnet.sk\/new\/wp-json\/wp\/v2\/comments?post=35"}],"version-history":[{"count":21,"href":"https:\/\/www.axalnet.sk\/new\/wp-json\/wp\/v2\/pages\/35\/revisions"}],"predecessor-version":[{"id":1093,"href":"https:\/\/www.axalnet.sk\/new\/wp-json\/wp\/v2\/pages\/35\/revisions\/1093"}],"up":[{"embeddable":true,"href":"https:\/\/www.axalnet.sk\/new\/wp-json\/wp\/v2\/pages\/33"}],"wp:attachment":[{"href":"https:\/\/www.axalnet.sk\/new\/wp-json\/wp\/v2\/media?parent=35"}],"curies":[{"name":"wp","href":"https:\/\/api.w.org\/{rel}","templated":true}]}}