{"id":25,"date":"2013-10-31T09:05:27","date_gmt":"2013-10-31T08:05:27","guid":{"rendered":"http:\/\/www.axalnet.sk\/new\/?page_id=25"},"modified":"2015-06-05T07:50:35","modified_gmt":"2015-06-05T06:50:35","slug":"sluzby","status":"publish","type":"page","link":"https:\/\/www.axalnet.sk\/new\/sluzby\/","title":{"rendered":"Slu\u017eby"},"content":{"rendered":"<p>[vc_row][vc_column width=&#8220;1\/3&#8243;][vc_column_text]<\/p>\n<h2 style=\"text-align: center;\">V\u00fdhodn\u00e9 bal\u00edky<\/h2>\n<p style=\"text-align: center;\"><a href=\"https:\/\/www.axalnet.sk\/new\/sluzby\/vyhodne-baliky\/\"><img loading=\"lazy\" class=\"alignnone size-full wp-image-437\" src=\"https:\/\/www.axalnet.sk\/new\/wp-content\/uploads\/2013\/10\/package-web.png\" alt=\"package-web\" width=\"128\" height=\"128\" \/><\/a><\/p>\n<p>[\/vc_column_text][\/vc_column][vc_column width=&#8220;1\/3&#8243;][vc_column_text]<\/p>\n<h2 style=\"text-align: center;\">Internet<\/h2>\n<p style=\"text-align: center;\"><a href=\"https:\/\/www.axalnet.sk\/new\/sluzby\/internet\/\"><img loading=\"lazy\" class=\"alignnone size-full wp-image-436\" src=\"https:\/\/www.axalnet.sk\/new\/wp-content\/uploads\/2013\/10\/internet-web.png\" alt=\"internet-web\" width=\"128\" height=\"128\" \/><\/a><\/p>\n<p>[\/vc_column_text][\/vc_column][vc_column width=&#8220;1\/3&#8243;][vc_column_text]<\/p>\n<h2 style=\"text-align: center;\">Telev\u00edzia<\/h2>\n<p style=\"text-align: center;\"><a href=\"https:\/\/www.axalnet.sk\/new\/sluzby\/televizia\/\"><img loading=\"lazy\" class=\"alignnone size-full wp-image-438\" src=\"https:\/\/www.axalnet.sk\/new\/wp-content\/uploads\/2013\/10\/tv-web.png\" alt=\"tv-web\" width=\"128\" height=\"128\" \/><\/a><\/p>\n<p>[\/vc_column_text][\/vc_column][\/vc_row]<\/p>\n","protected":false},"excerpt":{"rendered":"<p>[vc_row][vc_column width=&#8220;1\/3&#8243;][vc_column_text] V\u00fdhodn\u00e9 bal\u00edky [\/vc_column_text][\/vc_column][vc_column width=&#8220;1\/3&#8243;][vc_column_text] Internet [\/vc_column_text][\/vc_column][vc_column width=&#8220;1\/3&#8243;][vc_column_text] Telev\u00edzia [\/vc_column_text][\/vc_column][\/vc_row]<\/p>\n","protected":false},"author":1,"featured_media":0,"parent":0,"menu_order":1,"comment_status":"closed","ping_status":"closed","template":"","meta":[],"_links":{"self":[{"href":"https:\/\/www.axalnet.sk\/new\/wp-json\/wp\/v2\/pages\/25"}],"collection":[{"href":"https:\/\/www.axalnet.sk\/new\/wp-json\/wp\/v2\/pages"}],"about":[{"href":"https:\/\/www.axalnet.sk\/new\/wp-json\/wp\/v2\/types\/page"}],"author":[{"embeddable":true,"href":"https:\/\/www.axalnet.sk\/new\/wp-json\/wp\/v2\/users\/1"}],"replies":[{"embeddable":true,"href":"https:\/\/www.axalnet.sk\/new\/wp-json\/wp\/v2\/comments?post=25"}],"version-history":[{"count":4,"href":"https:\/\/www.axalnet.sk\/new\/wp-json\/wp\/v2\/pages\/25\/revisions"}],"predecessor-version":[{"id":508,"href":"https:\/\/www.axalnet.sk\/new\/wp-json\/wp\/v2\/pages\/25\/revisions\/508"}],"wp:attachment":[{"href":"https:\/\/www.axalnet.sk\/new\/wp-json\/wp\/v2\/media?parent=25"}],"curies":[{"name":"wp","href":"https:\/\/api.w.org\/{rel}","templated":true}]}}