{"id":179,"date":"2014-02-21T08:39:32","date_gmt":"2014-02-21T07:39:32","guid":{"rendered":"http:\/\/www.axalnet.sk\/new\/?page_id=179"},"modified":"2025-01-09T15:28:42","modified_gmt":"2025-01-09T14:28:42","slug":"vyhodne-baliky","status":"publish","type":"page","link":"https:\/\/www.axalnet.sk\/new\/sluzby\/vyhodne-baliky\/","title":{"rendered":"V\u00fdhodn\u00e9 bal\u00edky"},"content":{"rendered":"<p>[vc_row][vc_column][vc_tta_tabs color=&#8220;violet&#8220; spacing=&#8220;15&#8243; active_section=&#8220;1&#8243;][vc_tta_section title=&#8220;Balik 100&#8243; tab_id=&#8220;1574060782574-166947d4-a11f&#8220;][vc_row_inner][vc_column_inner width=&#8220;1\/4&#8243; css=&#8220;.vc_custom_1574062175504{padding-top: 0px !important;padding-right: 0px !important;padding-bottom: 0px !important;padding-left: 0px !important;}&#8220;][vc_cta h2=&#8220;&#8220; add_button=&#8220;bottom&#8220; btn_title=&#8220;19,48 \u20ac&#8220; btn_color=&#8220;success&#8220; btn_align=&#8220;center&#8220; btn_css_animation=&#8220;bottom-to-top&#8220;]<\/p>\n<h4>Internet + <span style=\"color: #e74d3c;\"><a title=\"Telev\u00edzia\" href=\"https:\/\/www.axalnet.sk\/new\/sluzby\/televizia\/#baliks\"><span style=\"color: #e74d3c;\">Bal\u00edk S<\/span><\/a><\/span><sup>4<\/sup><\/h4>\n<p>R\u00fdchlos\u0165: <strong>100\/10 Mbit\/s<\/strong><br \/>\nTV stan\u00edc: <strong>40<br \/>\n<\/strong>[\/vc_cta][vc_column_text css=&#8220;.vc_custom_1736338174036{margin-top: -60px !important;}&#8220;]<\/p>\n<p style=\"text-align: center;\"><span style=\"font-size: 8pt;\">* 22,55 \u20ac \/ bez viazanosti<\/span><\/p>\n<p>[\/vc_column_text][\/vc_column_inner][vc_column_inner width=&#8220;1\/4&#8243; css=&#8220;.vc_custom_1574062189074{padding-top: 0px !important;padding-right: 0px !important;padding-bottom: 0px !important;padding-left: 0px !important;}&#8220;][vc_cta h2=&#8220;&#8220; add_button=&#8220;bottom&#8220; btn_title=&#8220;23,58 \u20ac&#8220; btn_color=&#8220;success&#8220; btn_align=&#8220;center&#8220; btn_css_animation=&#8220;bottom-to-top&#8220;]<\/p>\n<h4>Internet + <span style=\"color: #e74d3c;\"><a title=\"Telev\u00edzia\" href=\"https:\/\/www.axalnet.sk\/new\/sluzby\/televizia\/#balikm\"><span style=\"color: #e74d3c;\">Bal\u00edk M<\/span><\/a><\/span><sup>4<\/sup><\/h4>\n<p>R\u00fdchlos\u0165: <strong>100\/10 Mbit\/s<\/strong><br \/>\nTV stan\u00edc: <strong>60<br \/>\n<\/strong>[\/vc_cta][vc_column_text css=&#8220;.vc_custom_1736338196538{margin-top: -60px !important;}&#8220;]<\/p>\n<p style=\"text-align: center;\"><span style=\"font-size: 8pt;\">* 26,65 \u20ac \/ bez viazanosti<\/span><\/p>\n<p>[\/vc_column_text][\/vc_column_inner][vc_column_inner width=&#8220;1\/4&#8243; css=&#8220;.vc_custom_1574062202415{padding-top: 0px !important;padding-right: 0px !important;padding-bottom: 0px !important;padding-left: 0px !important;}&#8220;][vc_cta h2=&#8220;&#8220; add_button=&#8220;bottom&#8220; btn_title=&#8220;27,68 \u20ac&#8220; btn_color=&#8220;success&#8220; btn_align=&#8220;center&#8220; btn_css_animation=&#8220;bottom-to-top&#8220;]<\/p>\n<h4>Internet + <span style=\"color: #e74d3c;\"><a title=\"Telev\u00edzia\" href=\"https:\/\/www.axalnet.sk\/new\/sluzby\/televizia\/#balikl\"><span style=\"color: #e74d3c;\">Bal\u00edk L<\/span><\/a><\/span><sup>4<\/sup><\/h4>\n<p>R\u00fdchlos\u0165: <strong>100\/10 Mbit\/s<\/strong><br \/>\nTV stan\u00edc: <strong>80<br \/>\n<\/strong>[\/vc_cta][vc_column_text css=&#8220;.vc_custom_1736338209571{margin-top: -60px !important;}&#8220;]<\/p>\n<p style=\"text-align: center;\"><span style=\"font-size: 8pt;\">* 30,75 \u20ac \/ bez viazanosti<\/span><\/p>\n<p>[\/vc_column_text][\/vc_column_inner][vc_column_inner width=&#8220;1\/4&#8243; css=&#8220;.vc_custom_1574062225140{padding-top: 0px !important;padding-right: 0px !important;padding-bottom: 0px !important;padding-left: 0px !important;}&#8220;][vc_cta h2=&#8220;&#8220; add_button=&#8220;bottom&#8220; btn_title=&#8220;31,78 \u20ac&#8220; btn_color=&#8220;success&#8220; btn_align=&#8220;center&#8220; btn_css_animation=&#8220;bottom-to-top&#8220;]<\/p>\n<h4>Internet + <span style=\"color: #e74d3c;\"><a title=\"Telev\u00edzia\" href=\"https:\/\/www.axalnet.sk\/new\/sluzby\/televizia\/#balikxl\"><span style=\"color: #e74d3c;\">Bal\u00edk XL<\/span><\/a><\/span><sup>4<\/sup><\/h4>\n<p>R\u00fdchlos\u0165: <strong>100\/10 Mbit\/s<\/strong><br \/>\nTV stan\u00edc: <strong>111<br \/>\n<\/strong>[\/vc_cta][vc_column_text css=&#8220;.vc_custom_1736338228376{margin-top: -60px !important;}&#8220;]<\/p>\n<p style=\"text-align: center;\"><span style=\"font-size: 8pt;\">* 34,85 \u20ac \/ bez viazanosti<\/span><\/p>\n<p>[\/vc_column_text][\/vc_column_inner][\/vc_row_inner][\/vc_tta_section][vc_tta_section title=&#8220;Balik 300&#8243; tab_id=&#8220;1574061262805-0a261a3a-2e26&#8243;][vc_row_inner][vc_column_inner width=&#8220;1\/4&#8243; css=&#8220;.vc_custom_1574062073975{padding-top: 0px !important;padding-right: 0px !important;padding-bottom: 0px !important;padding-left: 0px !important;}&#8220;][vc_cta h2=&#8220;&#8220; add_button=&#8220;bottom&#8220; btn_title=&#8220;23,58 \u20ac&#8220; btn_color=&#8220;success&#8220; btn_align=&#8220;center&#8220; btn_css_animation=&#8220;bottom-to-top&#8220;]<\/p>\n<h4>Internet + <span style=\"color: #e74d3c;\"><a title=\"Telev\u00edzia\" href=\"https:\/\/www.axalnet.sk\/new\/sluzby\/televizia\/#baliks\"><span style=\"color: #e74d3c;\">Bal\u00edk S<\/span><\/a><\/span><sup>4<\/sup><\/h4>\n<p>R\u00fdchlos\u0165: <strong>300\/30 Mbit\/s<\/strong><br \/>\nTV stan\u00edc: <strong>40<br \/>\n<\/strong>[\/vc_cta][vc_column_text css=&#8220;.vc_custom_1736338399020{margin-top: -60px !important;}&#8220;]<\/p>\n<p style=\"text-align: center;\"><span style=\"font-size: 8pt;\">* 26,65 \u20ac \/ bez viazanosti<\/span><\/p>\n<p>[\/vc_column_text][\/vc_column_inner][vc_column_inner width=&#8220;1\/4&#8243; css=&#8220;.vc_custom_1574062085504{padding-top: 0px !important;padding-right: 0px !important;padding-bottom: 0px !important;padding-left: 0px !important;}&#8220;][vc_cta h2=&#8220;&#8220; add_button=&#8220;bottom&#8220; btn_title=&#8220;24,60 \u20ac&#8220; btn_color=&#8220;success&#8220; btn_align=&#8220;center&#8220; btn_css_animation=&#8220;bottom-to-top&#8220;]<\/p>\n<h4>Internet + <span style=\"color: #e74d3c;\"><a title=\"Telev\u00edzia\" href=\"https:\/\/www.axalnet.sk\/new\/sluzby\/televizia\/#balikm\"><span style=\"color: #e74d3c;\">Bal\u00edk M<\/span><\/a><\/span><sup>4<\/sup><\/h4>\n<p>R\u00fdchlos\u0165: <strong>300\/30 Mbit\/s<\/strong><br \/>\nTV stan\u00edc: <strong>60<\/strong>[\/vc_cta][vc_column_text css=&#8220;.vc_custom_1736338500150{margin-top: -60px !important;}&#8220;]<\/p>\n<p style=\"text-align: center;\"><span style=\"font-size: 8pt;\">* 27,68 \u20ac \/ bez viazanosti<\/span><\/p>\n<p>[\/vc_column_text][\/vc_column_inner][vc_column_inner width=&#8220;1\/4&#8243; css=&#8220;.vc_custom_1574062097757{padding-top: 0px !important;padding-right: 0px !important;padding-bottom: 0px !important;padding-left: 0px !important;}&#8220;][vc_cta h2=&#8220;&#8220; add_button=&#8220;bottom&#8220; btn_title=&#8220;28,70 \u20ac&#8220; btn_color=&#8220;success&#8220; btn_align=&#8220;center&#8220; btn_css_animation=&#8220;bottom-to-top&#8220;]<\/p>\n<h4>Internet + <span style=\"color: #e74d3c;\"><a title=\"Telev\u00edzia\" href=\"https:\/\/www.axalnet.sk\/new\/sluzby\/televizia\/#balikl\"><span style=\"color: #e74d3c;\">Bal\u00edk L<\/span><\/a><\/span><sup>4<\/sup><\/h4>\n<p>R\u00fdchlos\u0165: <strong>300\/30 Mbit\/s<\/strong><br \/>\nTV stan\u00edc: <strong>80<br \/>\n<\/strong>[\/vc_cta][vc_column_text css=&#8220;.vc_custom_1736338523820{margin-top: -60px !important;}&#8220;]<\/p>\n<p style=\"text-align: center;\"><span style=\"font-size: 8pt;\">* 31,78 \u20ac \/ bez viazanosti<\/span><\/p>\n<p>[\/vc_column_text][\/vc_column_inner][vc_column_inner width=&#8220;1\/4&#8243; css=&#8220;.vc_custom_1574062110615{padding-top: 0px !important;padding-right: 0px !important;padding-bottom: 0px !important;padding-left: 0px !important;}&#8220;][vc_cta h2=&#8220;&#8220; add_button=&#8220;bottom&#8220; btn_title=&#8220;32,80 \u20ac&#8220; btn_color=&#8220;success&#8220; btn_align=&#8220;center&#8220; btn_css_animation=&#8220;bottom-to-top&#8220;]<\/p>\n<h4>Internet + <span style=\"color: #e74d3c;\"><a title=\"Telev\u00edzia\" href=\"https:\/\/www.axalnet.sk\/new\/sluzby\/televizia\/#balikxl\"><span style=\"color: #e74d3c;\">Bal\u00edk XL<\/span><\/a><\/span><sup>4<\/sup><\/h4>\n<p>R\u00fdchlos\u0165: <strong>300\/30 Mbit\/s<\/strong><br \/>\nTV stan\u00edc: <strong>111<\/strong>[\/vc_cta][vc_column_text css=&#8220;.vc_custom_1736338554702{margin-top: -60px !important;}&#8220;]<\/p>\n<p style=\"text-align: center;\"><span style=\"font-size: 8pt;\">* 35,86 \u20ac \/ bez viazanosti<\/span><\/p>\n<p>[\/vc_column_text][\/vc_column_inner][\/vc_row_inner][\/vc_tta_section][vc_tta_section title=&#8220;Balik 500&#8243; tab_id=&#8220;1574061623463-6b640802-e86c&#8220;][vc_row_inner][vc_column_inner width=&#8220;1\/4&#8243; css=&#8220;.vc_custom_1574061983048{padding-top: 0px !important;padding-right: 0px !important;padding-bottom: 0px !important;padding-left: 0px !important;}&#8220;][vc_cta h2=&#8220;&#8220; add_button=&#8220;bottom&#8220; btn_title=&#8220;27,68 \u20ac&#8220; btn_color=&#8220;success&#8220; btn_align=&#8220;center&#8220; btn_css_animation=&#8220;bottom-to-top&#8220;]<\/p>\n<h4>Internet + <span style=\"color: #e74d3c;\"><a title=\"Telev\u00edzia\" href=\"https:\/\/www.axalnet.sk\/new\/sluzby\/televizia\/#baliks\"><span style=\"color: #e74d3c;\">Bal\u00edk S<\/span><\/a><\/span><sup>4<\/sup><\/h4>\n<p>R\u00fdchlos\u0165: <strong>500\/50 Mbit\/s<\/strong><br \/>\nTV stan\u00edc: <strong>40<\/strong>[\/vc_cta][vc_column_text css=&#8220;.vc_custom_1736338609636{margin-top: -60px !important;}&#8220;]<\/p>\n<p style=\"text-align: center;\"><span style=\"font-size: 8pt;\">* 30,75 \u20ac \/ bez viazanosti<\/span><\/p>\n<p>[\/vc_column_text][\/vc_column_inner][vc_column_inner width=&#8220;1\/4&#8243; css=&#8220;.vc_custom_1574061997472{padding-top: 0px !important;padding-right: 0px !important;padding-bottom: 0px !important;padding-left: 0px !important;}&#8220;][vc_cta h2=&#8220;&#8220; add_button=&#8220;bottom&#8220; btn_title=&#8220;28,70 \u20ac&#8220; btn_color=&#8220;success&#8220; btn_align=&#8220;center&#8220; btn_css_animation=&#8220;bottom-to-top&#8220;]<\/p>\n<h4>Internet + <span style=\"color: #e74d3c;\"><a title=\"Telev\u00edzia\" href=\"https:\/\/www.axalnet.sk\/new\/sluzby\/televizia\/#balikm\"><span style=\"color: #e74d3c;\">Bal\u00edk M<\/span><\/a><\/span><sup>4<\/sup><\/h4>\n<p>R\u00fdchlos\u0165: <strong>500\/50 Mbit\/s<\/strong><br \/>\nTV stan\u00edc: <strong>60<\/strong>[\/vc_cta][vc_column_text css=&#8220;.vc_custom_1736338630738{margin-top: -60px !important;}&#8220;]<\/p>\n<p style=\"text-align: center;\"><span style=\"font-size: 8pt;\">* 31,78 \u20ac \/ bez viazanosti<\/span><\/p>\n<p>[\/vc_column_text][\/vc_column_inner][vc_column_inner width=&#8220;1\/4&#8243; css=&#8220;.vc_custom_1574062022232{padding-top: 0px !important;padding-right: 0px !important;padding-bottom: 0px !important;padding-left: 0px !important;}&#8220;][vc_cta h2=&#8220;&#8220; add_button=&#8220;bottom&#8220; btn_title=&#8220;29,73 \u20ac&#8220; btn_color=&#8220;success&#8220; btn_align=&#8220;center&#8220; btn_css_animation=&#8220;bottom-to-top&#8220;]<\/p>\n<h4>Internet + <span style=\"color: #e74d3c;\"><a title=\"Telev\u00edzia\" href=\"https:\/\/www.axalnet.sk\/new\/sluzby\/televizia\/#balikl\"><span style=\"color: #e74d3c;\">Bal\u00edk L<\/span><\/a><\/span><sup>4<\/sup><\/h4>\n<p>R\u00fdchlos\u0165: <strong>500\/50 Mbit\/s<\/strong><br \/>\nTV stan\u00edc: <strong>80<\/strong>[\/vc_cta][vc_column_text css=&#8220;.vc_custom_1736338658356{margin-top: -60px !important;}&#8220;]<\/p>\n<p style=\"text-align: center;\"><span style=\"font-size: 8pt;\">* 32,80 \u20ac \/ bez viazanosti<\/span><\/p>\n<p>[\/vc_column_text][\/vc_column_inner][vc_column_inner width=&#8220;1\/4&#8243; css=&#8220;.vc_custom_1574062036881{padding-top: 0px !important;padding-right: 0px !important;padding-bottom: 0px !important;padding-left: 0px !important;}&#8220;][vc_cta h2=&#8220;&#8220; add_button=&#8220;bottom&#8220; btn_title=&#8220;34,85 \u20ac&#8220; btn_color=&#8220;success&#8220; btn_align=&#8220;center&#8220; btn_css_animation=&#8220;bottom-to-top&#8220;]<\/p>\n<h4>Internet + <span style=\"color: #e74d3c;\"><a title=\"Telev\u00edzia\" href=\"https:\/\/www.axalnet.sk\/new\/sluzby\/televizia\/#balikxl\"><span style=\"color: #e74d3c;\">Bal\u00edk XL<\/span><\/a><\/span><sup>4<\/sup><\/h4>\n<p>R\u00fdchlos\u0165: <strong>500\/50 Mbit\/s<\/strong><br \/>\nTV stan\u00edc: <strong>111<\/strong>[\/vc_cta][vc_column_text css=&#8220;.vc_custom_1736338680890{margin-top: -60px !important;}&#8220;]<\/p>\n<p style=\"text-align: center;\"><span style=\"font-size: 8pt;\">*37,93 \u20ac \/ bez viazanosti<\/span><\/p>\n<p>[\/vc_column_text][\/vc_column_inner][\/vc_row_inner][\/vc_tta_section][vc_tta_section title=&#8220;Balik 1000&#8243; tab_id=&#8220;1574062272389-18846624-7813&#8243;][vc_row_inner][vc_column_inner width=&#8220;1\/4&#8243; css=&#8220;.vc_custom_1574061983048{padding-top: 0px !important;padding-right: 0px !important;padding-bottom: 0px !important;padding-left: 0px !important;}&#8220;][vc_cta h2=&#8220;&#8220; add_button=&#8220;bottom&#8220; btn_title=&#8220;31,78 \u20ac&#8220; btn_color=&#8220;success&#8220; btn_align=&#8220;center&#8220; btn_css_animation=&#8220;bottom-to-top&#8220;]<\/p>\n<h4>Internet + <span style=\"color: #e74d3c;\"><a title=\"Telev\u00edzia\" href=\"https:\/\/www.axalnet.sk\/new\/sluzby\/televizia\/#baliks\"><span style=\"color: #e74d3c;\">Bal\u00edk S<\/span><\/a><\/span><sup>4<\/sup><\/h4>\n<p>R\u00fdchlos\u0165: <strong>1000\/100 Mbit\/s<\/strong><br \/>\nTV stan\u00edc: <strong>40<\/strong>[\/vc_cta][vc_column_text css=&#8220;.vc_custom_1736338725553{margin-top: -60px !important;}&#8220;]<\/p>\n<p style=\"text-align: center;\"><span style=\"font-size: 8pt;\">* 34,85 \u20ac \/ bez viazanosti<\/span><\/p>\n<p>[\/vc_column_text][\/vc_column_inner][vc_column_inner width=&#8220;1\/4&#8243; css=&#8220;.vc_custom_1574061997472{padding-top: 0px !important;padding-right: 0px !important;padding-bottom: 0px !important;padding-left: 0px !important;}&#8220;][vc_cta h2=&#8220;&#8220; add_button=&#8220;bottom&#8220; btn_title=&#8220;32,80 \u20ac&#8220; btn_color=&#8220;success&#8220; btn_align=&#8220;center&#8220; btn_css_animation=&#8220;bottom-to-top&#8220;]<\/p>\n<h4>Internet + <span style=\"color: #e74d3c;\"><a title=\"Telev\u00edzia\" href=\"https:\/\/www.axalnet.sk\/new\/sluzby\/televizia\/#balikm\"><span style=\"color: #e74d3c;\">Bal\u00edk M<\/span><\/a><\/span><sup>4<\/sup><\/h4>\n<p>R\u00fdchlos\u0165: <strong>1000\/100 Mbit\/s<\/strong><br \/>\nTV stan\u00edc: <strong>60<\/strong>[\/vc_cta][vc_column_text css=&#8220;.vc_custom_1736338750005{margin-top: -60px !important;}&#8220;]<\/p>\n<p style=\"text-align: center;\"><span style=\"font-size: 8pt;\">* 35,88 \u20ac \/ bez viazanosti<\/span><\/p>\n<p>[\/vc_column_text][\/vc_column_inner][vc_column_inner width=&#8220;1\/4&#8243; css=&#8220;.vc_custom_1574062022232{padding-top: 0px !important;padding-right: 0px !important;padding-bottom: 0px !important;padding-left: 0px !important;}&#8220;][vc_cta h2=&#8220;&#8220; add_button=&#8220;bottom&#8220; btn_title=&#8220;34,85 \u20ac&#8220; btn_color=&#8220;success&#8220; btn_align=&#8220;center&#8220; btn_css_animation=&#8220;bottom-to-top&#8220;]<\/p>\n<h4>Internet + <span style=\"color: #e74d3c;\"><a title=\"Telev\u00edzia\" href=\"https:\/\/www.axalnet.sk\/new\/sluzby\/televizia\/#balikl\"><span style=\"color: #e74d3c;\">Bal\u00edk L<\/span><\/a><\/span><sup>4<\/sup><\/h4>\n<p>R\u00fdchlos\u0165: <strong>1000\/100 Mbit\/s<\/strong><br \/>\nTV stan\u00edc: <strong>80<\/strong>[\/vc_cta][vc_column_text css=&#8220;.vc_custom_1736338774056{margin-top: -60px !important;}&#8220;]<\/p>\n<p style=\"text-align: center;\"><span style=\"font-size: 8pt;\">* 37,93 \u20ac \/ bez viazanosti<\/span><\/p>\n<p>[\/vc_column_text][\/vc_column_inner][vc_column_inner width=&#8220;1\/4&#8243; css=&#8220;.vc_custom_1574062036881{padding-top: 0px !important;padding-right: 0px !important;padding-bottom: 0px !important;padding-left: 0px !important;}&#8220;][vc_cta h2=&#8220;&#8220; add_button=&#8220;bottom&#8220; btn_title=&#8220;39,98 \u20ac&#8220; btn_color=&#8220;success&#8220; btn_align=&#8220;center&#8220; btn_css_animation=&#8220;bottom-to-top&#8220;]<\/p>\n<h4>Internet + <span style=\"color: #e74d3c;\"><a title=\"Telev\u00edzia\" href=\"https:\/\/www.axalnet.sk\/new\/sluzby\/televizia\/#balikxl\"><span style=\"color: #e74d3c;\">Bal\u00edk XL<\/span><\/a><\/span><sup>4<\/sup><\/h4>\n<p>R\u00fdchlos\u0165: <strong>1000\/100 Mbit\/s<\/strong><br \/>\nTV stan\u00edc: <strong>111<\/strong>[\/vc_cta][vc_column_text css=&#8220;.vc_custom_1736338797569{margin-top: -60px !important;}&#8220;]<\/p>\n<p style=\"text-align: center;\"><span style=\"font-size: 8pt;\">* 43,05 \u20ac \/ bez viazanosti<\/span><\/p>\n<p>[\/vc_column_text][\/vc_column_inner][\/vc_row_inner][\/vc_tta_section][\/vc_tta_tabs][\/vc_column][\/vc_row][vc_row][vc_column width=&#8220;1\/2&#8243;][vc_column_text]<strong>Cenn\u00edk aktiv\u00e1cie STB* pre internetov\u00e9 bal\u00edky:<\/strong><\/p>\n<div>\n<table cellspacing=\"0\" cellpadding=\"0\">\n<tbody>\n<tr>\n<th>Doba viazanosti<\/th>\n<th>Cena jendor\u00e1zova<\/th>\n<\/tr>\n<tr>\n<td>Bez viazanosti<\/td>\n<td><strong>102,50 \u20ac<\/strong><\/td>\n<\/tr>\n<tr>\n<td>24 mesiacov viazanosti<\/td>\n<td><strong>20,50 \u20ac<\/strong><\/td>\n<\/tr>\n<\/tbody>\n<\/table>\n<\/div>\n<p>&nbsp;<\/p>\n<div><cite>* &#8211; plat\u00ed pre jeden STB (1 STB = 1 TV)<\/cite><\/div>\n<p>&nbsp;<\/p>\n<div><sup>1<\/sup> &#8211; akcia plat\u00ed pri 2 ro\u010dnej viazanosti<\/div>\n<p>&nbsp;<\/p>\n<div><sup>4<\/sup> &#8211; po\u010das trvania viazanosti slu\u017eby je mo\u017ene\u0301 aktu\u00e1lne vyu\u017e\u00edvanu\u0301 slu\u017ebu alebo bal\u00edk slu\u017eieb vymenit\u030c len za slu\u017ebu alebo bal\u00edk slu\u017eieb s vy\u0161\u0161\u00edm mesa\u010dny\u0301m poplatkom<\/div>\n<p>[\/vc_column_text][\/vc_column][vc_column width=&#8220;1\/2&#8243;][\/vc_column][\/vc_row]<\/p>\n","protected":false},"excerpt":{"rendered":"<p>[vc_row][vc_column][vc_tta_tabs color=&#8220;violet&#8220; spacing=&#8220;15&#8243; active_section=&#8220;1&#8243;][vc_tta_section title=&#8220;Balik 100&#8243; tab_id=&#8220;1574060782574-166947d4-a11f&#8220;][vc_row_inner][vc_column_inner width=&#8220;1\/4&#8243; css=&#8220;.vc_custom_1574062175504{padding-top: 0px !important;padding-right: 0px !important;padding-bottom: 0px !important;padding-left: 0px !important;}&#8220;][vc_cta h2=&#8220;&#8220; add_button=&#8220;bottom&#8220; btn_title=&#8220;19,48 \u20ac&#8220; btn_color=&#8220;success&#8220; btn_align=&#8220;center&#8220; btn_css_animation=&#8220;bottom-to-top&#8220;] Internet + Bal\u00edk S4 R\u00fdchlos\u0165: 100\/10 Mbit\/s TV stan\u00edc: 40 [\/vc_cta][vc_column_text css=&#8220;.vc_custom_1736338174036{margin-top: -60px !important;}&#8220;] * 22,55 \u20ac \/ bez viazanosti [\/vc_column_text][\/vc_column_inner][vc_column_inner width=&#8220;1\/4&#8243; css=&#8220;.vc_custom_1574062189074{padding-top: 0px !important;padding-right: 0px !important;padding-bottom: 0px !important;padding-left: 0px !important;}&#8220;][vc_cta&hellip;<\/p>\n","protected":false},"author":1,"featured_media":0,"parent":25,"menu_order":1,"comment_status":"closed","ping_status":"closed","template":"","meta":[],"_links":{"self":[{"href":"https:\/\/www.axalnet.sk\/new\/wp-json\/wp\/v2\/pages\/179"}],"collection":[{"href":"https:\/\/www.axalnet.sk\/new\/wp-json\/wp\/v2\/pages"}],"about":[{"href":"https:\/\/www.axalnet.sk\/new\/wp-json\/wp\/v2\/types\/page"}],"author":[{"embeddable":true,"href":"https:\/\/www.axalnet.sk\/new\/wp-json\/wp\/v2\/users\/1"}],"replies":[{"embeddable":true,"href":"https:\/\/www.axalnet.sk\/new\/wp-json\/wp\/v2\/comments?post=179"}],"version-history":[{"count":77,"href":"https:\/\/www.axalnet.sk\/new\/wp-json\/wp\/v2\/pages\/179\/revisions"}],"predecessor-version":[{"id":1039,"href":"https:\/\/www.axalnet.sk\/new\/wp-json\/wp\/v2\/pages\/179\/revisions\/1039"}],"up":[{"embeddable":true,"href":"https:\/\/www.axalnet.sk\/new\/wp-json\/wp\/v2\/pages\/25"}],"wp:attachment":[{"href":"https:\/\/www.axalnet.sk\/new\/wp-json\/wp\/v2\/media?parent=179"}],"curies":[{"name":"wp","href":"https:\/\/api.w.org\/{rel}","templated":true}]}}