{"id":152,"date":"2013-11-05T08:59:34","date_gmt":"2013-11-05T07:59:34","guid":{"rendered":"http:\/\/www.axalnet.sk\/new\/?page_id=152"},"modified":"2020-02-27T18:05:18","modified_gmt":"2020-02-27T17:05:18","slug":"technicka-podpora","status":"publish","type":"page","link":"https:\/\/www.axalnet.sk\/new\/pomoc-a-podpora\/technicka-podpora\/","title":{"rendered":"Technick\u00e1 podpora"},"content":{"rendered":"<p>[vc_row][vc_column][vc_column_text]T\u00edm kvalifikovan\u00edch lud\u00ed je tu pre V\u00e1s k dispozici\u00ed pri rie\u0161en\u00ed technick\u00fdch probl\u00e9mov oh\u013eadom internetu, telev\u00edzie a in\u00fdch.<\/p>\n<h3 id=\"m_-b-0902-904-907-b-\"><span style=\"font-size: x-large;\"><strong>038 \/ 290 10 10<br \/>\n<\/strong><\/span><\/h3>\n<p>Po\u010das pracovn\u00fdch dn\u00ed od: <strong>8:00 &#8211; 17:00<\/strong><br \/>\nM\u00f4\u017ete n\u00e1s kontaktova\u0165 aj e-mailom : <strong><a href=\"mailto:support@axalnet.sk\">support@axalnet.sk<\/a><\/strong>[\/vc_column_text][\/vc_column][\/vc_row]<\/p>\n","protected":false},"excerpt":{"rendered":"<p>[vc_row][vc_column][vc_column_text]T\u00edm kvalifikovan\u00edch lud\u00ed je tu pre V\u00e1s k dispozici\u00ed pri rie\u0161en\u00ed technick\u00fdch probl\u00e9mov oh\u013eadom internetu, telev\u00edzie a in\u00fdch. 038 \/ 290 10 10 Po\u010das pracovn\u00fdch dn\u00ed od: 8:00 &#8211; 17:00 M\u00f4\u017ete n\u00e1s kontaktova\u0165 aj e-mailom : support@axalnet.sk[\/vc_column_text][\/vc_column][\/vc_row]<\/p>\n","protected":false},"author":1,"featured_media":157,"parent":39,"menu_order":0,"comment_status":"closed","ping_status":"closed","template":"","meta":[],"_links":{"self":[{"href":"https:\/\/www.axalnet.sk\/new\/wp-json\/wp\/v2\/pages\/152"}],"collection":[{"href":"https:\/\/www.axalnet.sk\/new\/wp-json\/wp\/v2\/pages"}],"about":[{"href":"https:\/\/www.axalnet.sk\/new\/wp-json\/wp\/v2\/types\/page"}],"author":[{"embeddable":true,"href":"https:\/\/www.axalnet.sk\/new\/wp-json\/wp\/v2\/users\/1"}],"replies":[{"embeddable":true,"href":"https:\/\/www.axalnet.sk\/new\/wp-json\/wp\/v2\/comments?post=152"}],"version-history":[{"count":4,"href":"https:\/\/www.axalnet.sk\/new\/wp-json\/wp\/v2\/pages\/152\/revisions"}],"predecessor-version":[{"id":783,"href":"https:\/\/www.axalnet.sk\/new\/wp-json\/wp\/v2\/pages\/152\/revisions\/783"}],"up":[{"embeddable":true,"href":"https:\/\/www.axalnet.sk\/new\/wp-json\/wp\/v2\/pages\/39"}],"wp:featuredmedia":[{"embeddable":true,"href":"https:\/\/www.axalnet.sk\/new\/wp-json\/wp\/v2\/media\/157"}],"wp:attachment":[{"href":"https:\/\/www.axalnet.sk\/new\/wp-json\/wp\/v2\/media?parent=152"}],"curies":[{"name":"wp","href":"https:\/\/api.w.org\/{rel}","templated":true}]}}