{"id":104,"date":"2013-11-04T07:27:35","date_gmt":"2013-11-04T06:27:35","guid":{"rendered":"http:\/\/www.axalnet.sk\/new\/?page_id=104"},"modified":"2013-11-04T09:18:25","modified_gmt":"2013-11-04T08:18:25","slug":"crm-cms","status":"publish","type":"page","link":"https:\/\/www.axalnet.sk\/new\/sluzby\/pre-firmy\/crm-cms\/","title":{"rendered":"CRM &#038; CMS"},"content":{"rendered":"<h3 id=\"m_riesenia-pre-firmy\">Rie\u0161enia pre firmy<\/h3>\n<ul>\n<li>n\u00e1vrh a v\u00fdvoj <strong>rie\u0161en\u00ed<\/strong> a <strong>aplik\u00e1ci\u00ed<\/strong> na mieru<\/li>\n<li>aplik\u00e1cie pre riadenia a kontrolu <strong>zamestnancov<\/strong><\/li>\n<li>rie\u0161enie <strong>projektov<\/strong> a zadelovanie <strong>\u00faloh<\/strong><\/li>\n<li>zv\u00fd\u0161enie <strong>produktivity<\/strong> a <strong>efektivity<\/strong> vo va\u0161ej firme<\/li>\n<li>kontrola chodu <strong>firmy<\/strong><\/li>\n<\/ul>\n","protected":false},"excerpt":{"rendered":"<p>Rie\u0161enia pre firmy n\u00e1vrh a v\u00fdvoj rie\u0161en\u00ed a aplik\u00e1ci\u00ed na mieru aplik\u00e1cie pre riadenia a kontrolu zamestnancov rie\u0161enie projektov a zadelovanie \u00faloh zv\u00fd\u0161enie produktivity a efektivity vo va\u0161ej firme kontrola chodu firmy<\/p>\n","protected":false},"author":1,"featured_media":0,"parent":29,"menu_order":4,"comment_status":"closed","ping_status":"closed","template":"full_width.php","meta":[],"_links":{"self":[{"href":"https:\/\/www.axalnet.sk\/new\/wp-json\/wp\/v2\/pages\/104"}],"collection":[{"href":"https:\/\/www.axalnet.sk\/new\/wp-json\/wp\/v2\/pages"}],"about":[{"href":"https:\/\/www.axalnet.sk\/new\/wp-json\/wp\/v2\/types\/page"}],"author":[{"embeddable":true,"href":"https:\/\/www.axalnet.sk\/new\/wp-json\/wp\/v2\/users\/1"}],"replies":[{"embeddable":true,"href":"https:\/\/www.axalnet.sk\/new\/wp-json\/wp\/v2\/comments?post=104"}],"version-history":[{"count":2,"href":"https:\/\/www.axalnet.sk\/new\/wp-json\/wp\/v2\/pages\/104\/revisions"}],"predecessor-version":[{"id":120,"href":"https:\/\/www.axalnet.sk\/new\/wp-json\/wp\/v2\/pages\/104\/revisions\/120"}],"up":[{"embeddable":true,"href":"https:\/\/www.axalnet.sk\/new\/wp-json\/wp\/v2\/pages\/29"}],"wp:attachment":[{"href":"https:\/\/www.axalnet.sk\/new\/wp-json\/wp\/v2\/media?parent=104"}],"curies":[{"name":"wp","href":"https:\/\/api.w.org\/{rel}","templated":true}]}}