{"id":102,"date":"2013-11-04T07:27:21","date_gmt":"2013-11-04T06:27:21","guid":{"rendered":"http:\/\/www.axalnet.sk\/new\/?page_id=102"},"modified":"2013-11-04T09:17:58","modified_gmt":"2013-11-04T08:17:58","slug":"outsourcing","status":"publish","type":"page","link":"https:\/\/www.axalnet.sk\/new\/sluzby\/pre-firmy\/outsourcing\/","title":{"rendered":"Outsourcing"},"content":{"rendered":"<h3 id=\"m_outsourcing-nepotrebujete-vlastne-it-oddelenie-\">Outsourcing &#8211; nepotrebujete vlastn\u00e9 IT oddelenie!<\/h3>\n<ul>\n<li>in\u0161tal\u00e1cia, spr\u00e1va a \u00fadr\u017eba <strong>PC, notebookov a tla\u010diarn\u00ed<\/strong> vo Va\u0161ej firme<\/li>\n<li>rie\u0161enie <strong>po\u010d\u00edta\u010dovej siete<\/strong> Va\u0161ej firmy, prepojen\u00ed medzi pobo\u010dkami<\/li>\n<li>in\u0161tal\u00e1cia, spr\u00e1va a poradenstvo o serveroch s <strong>OS Windows a Linux<\/strong><\/li>\n<li><strong>serverhosting<\/strong> &#8211; virtu\u00e1lne a dedikovan\u00e9 servery<\/li>\n<li><strong>hotline 24\/7<\/strong><\/li>\n<li>jednoducho vytvor\u00edme a postar\u00e1me sa V\u00e1m o <strong>IT infra\u0161trukt\u00faru<\/strong>, pri ktorej <strong>nepotrebujete<\/strong> vlastn\u00e9 IT oddelenie<\/li>\n<\/ul>\n","protected":false},"excerpt":{"rendered":"<p>Outsourcing &#8211; nepotrebujete vlastn\u00e9 IT oddelenie! in\u0161tal\u00e1cia, spr\u00e1va a \u00fadr\u017eba PC, notebookov a tla\u010diarn\u00ed vo Va\u0161ej firme rie\u0161enie po\u010d\u00edta\u010dovej siete Va\u0161ej firmy, prepojen\u00ed medzi pobo\u010dkami in\u0161tal\u00e1cia, spr\u00e1va a poradenstvo o serveroch s OS Windows a Linux serverhosting &#8211; virtu\u00e1lne a dedikovan\u00e9 servery hotline 24\/7 jednoducho vytvor\u00edme a postar\u00e1me sa V\u00e1m o IT infra\u0161trukt\u00faru, pri ktorej&hellip;<\/p>\n","protected":false},"author":1,"featured_media":0,"parent":29,"menu_order":3,"comment_status":"closed","ping_status":"closed","template":"full_width.php","meta":[],"_links":{"self":[{"href":"https:\/\/www.axalnet.sk\/new\/wp-json\/wp\/v2\/pages\/102"}],"collection":[{"href":"https:\/\/www.axalnet.sk\/new\/wp-json\/wp\/v2\/pages"}],"about":[{"href":"https:\/\/www.axalnet.sk\/new\/wp-json\/wp\/v2\/types\/page"}],"author":[{"embeddable":true,"href":"https:\/\/www.axalnet.sk\/new\/wp-json\/wp\/v2\/users\/1"}],"replies":[{"embeddable":true,"href":"https:\/\/www.axalnet.sk\/new\/wp-json\/wp\/v2\/comments?post=102"}],"version-history":[{"count":2,"href":"https:\/\/www.axalnet.sk\/new\/wp-json\/wp\/v2\/pages\/102\/revisions"}],"predecessor-version":[{"id":119,"href":"https:\/\/www.axalnet.sk\/new\/wp-json\/wp\/v2\/pages\/102\/revisions\/119"}],"up":[{"embeddable":true,"href":"https:\/\/www.axalnet.sk\/new\/wp-json\/wp\/v2\/pages\/29"}],"wp:attachment":[{"href":"https:\/\/www.axalnet.sk\/new\/wp-json\/wp\/v2\/media?parent=102"}],"curies":[{"name":"wp","href":"https:\/\/api.w.org\/{rel}","templated":true}]}}